{"id":1067,"date":"2024-02-15T14:30:27","date_gmt":"2024-02-15T14:30:27","guid":{"rendered":"https:\/\/lescourtoises.fr\/?page_id=1067"},"modified":"2025-02-11T14:12:14","modified_gmt":"2025-02-11T14:12:14","slug":"mentions-legales-2","status":"publish","type":"page","link":"https:\/\/lescourtoises.fr\/en\/mentions-legales-2\/","title":{"rendered":"Legal Notice"},"content":{"rendered":"<div data-elementor-type=\"wp-page\" data-elementor-id=\"1067\" class=\"elementor elementor-1067\" data-elementor-post-type=\"page\">\n\t\t\t\t<div class=\"elementor-element elementor-element-7d5045a e-flex e-con-boxed wpr-particle-no wpr-jarallax-no wpr-parallax-no wpr-sticky-section-no wpr-equal-height-no e-con e-parent\" data-id=\"7d5045a\" data-element_type=\"container\" data-e-type=\"container\">\n\t\t\t\t\t<div class=\"e-con-inner\">\n\t\t\t\t<div class=\"elementor-element elementor-element-9cb129e elementor-widget elementor-widget-text-editor\" data-id=\"9cb129e\" data-element_type=\"widget\" data-e-type=\"widget\" data-widget_type=\"text-editor.default\">\n\t\t\t\t<div class=\"elementor-widget-container\">\n\t\t\t\t\t\t\t\t\t<p><strong>Legal notices<\/strong><\/p>\n<p>Lescourtoises.fr is published by the company Odile Abrand, under the commercial name: Les Courtoises.<\/p>\n<p><strong>Odile Abrand <\/strong><\/p>\n<p>1 rue Fr\u00e9d\u00e9ric Bastiat<br>75008 Paris&nbsp;<\/p>\n<p>E-mail : contact@lescourtoises.fr <br>Paris A 437 711&nbsp;765<\/p>\n<p>SIRET&nbsp;: 43771176500036<br>Publication Director :<br>Mme Odile Abrand<\/p>\n<p><strong>HOST<\/strong><\/p>\n<p>This website is hosted by:<br><strong>IONOS<\/strong><\/p>\n<p><strong>CONFIDENTIALITY AND DATA PROTECTION<\/strong><\/p>\n<p>Conform\u00e9ment \u00e0 la loi informatique et libert\u00e9s du 06 janvier 1978, vous pouvez \u00e0 tout moment modifier ou supprimer les renseignements li\u00e9s \u00e0 votre inscription. Ces informations vous concernant \u00e9tant confidentielles,&nbsp;Odile Abrand s\u2019engage \u00e0 les prot\u00e9ger.<\/p>\n<p>Vous disposez d\u2019un droit d\u2019acc\u00e8s, de modification, de rectification et de suppression des donn\u00e9es qui vous concernent (art. 34 de la loi \u00ab Informatique et Libert\u00e9s \u00bb). Vous pouvez exercer ce droit directement sur les sites concern\u00e9s ou en nous contactant : contact@lescourtoises.fr<\/p>\t\t\t\t\t\t\t\t<\/div>\n\t\t\t\t<\/div>\n\t\t\t\t\t<\/div>\n\t\t\t\t<\/div>\n\t\t\t\t<\/div>","protected":false},"excerpt":{"rendered":"<p>Mentions l\u00e9gales Lescourtoises.fr est \u00e9dit\u00e9 par la soci\u00e9t\u00e9 Odile Abrand, sous le nom commercial : Les Courtoises. Odile Abrand 1 rue Fr\u00e9d\u00e9ric Bastiat75008 Paris&nbsp; E-mail : contact@lescourtoises.fr Paris A 437 711&nbsp;765 SIRET&nbsp;: 43771176500036Directeur de la Publication :Mme Odile Abrand HEBERGEUR Ce site est h\u00e9berg\u00e9 par :IONOS CONFIDENTIALITE ET PROTECTION DES DONNEES Conform\u00e9ment \u00e0 la loi informatique et libert\u00e9s du 06 janvier 1978, vous pouvez \u00e0 tout moment modifier ou supprimer les renseignements li\u00e9s \u00e0 votre inscription. Ces informations vous concernant \u00e9tant confidentielles,&nbsp;Odile Abrand s\u2019engage \u00e0 les prot\u00e9ger. Vous disposez d\u2019un droit d\u2019acc\u00e8s, de modification, de rectification et de suppression des donn\u00e9es qui vous concernent (art. 34 de la loi \u00ab Informatique et Libert\u00e9s \u00bb). Vous pouvez exercer ce droit directement sur les sites concern\u00e9s ou en nous contactant : contact@lescourtoises.fr<\/p>","protected":false},"author":2,"featured_media":0,"parent":0,"menu_order":0,"comment_status":"closed","ping_status":"closed","template":"","meta":{"footnotes":""},"class_list":["post-1067","page","type-page","status-publish","hentry"],"yoast_head":"<!-- This site is optimized with the Yoast SEO plugin v27.3 - https:\/\/yoast.com\/product\/yoast-seo-wordpress\/ -->\n<title>Mentions L\u00e9gales - Les Courtoises<\/title>\n<meta name=\"robots\" content=\"index, follow, max-snippet:-1, max-image-preview:large, max-video-preview:-1\" \/>\n<link rel=\"canonical\" href=\"https:\/\/lescourtoises.fr\/en\/mentions-legales-2\/\" \/>\n<meta property=\"og:locale\" content=\"en_US\" \/>\n<meta property=\"og:type\" content=\"article\" \/>\n<meta property=\"og:title\" content=\"Mentions L\u00e9gales - Les Courtoises\" \/>\n<meta property=\"og:description\" content=\"Mentions l\u00e9gales Lescourtoises.fr est \u00e9dit\u00e9 par la soci\u00e9t\u00e9 Odile Abrand, sous le nom commercial : Les Courtoises. Odile Abrand 1 rue Fr\u00e9d\u00e9ric Bastiat75008 Paris&nbsp; E-mail : contact@lescourtoises.fr Paris A 437 711&nbsp;765 SIRET&nbsp;: 43771176500036Directeur de la Publication :Mme Odile Abrand HEBERGEUR Ce site est h\u00e9berg\u00e9 par :IONOS CONFIDENTIALITE ET PROTECTION DES DONNEES Conform\u00e9ment \u00e0 la loi informatique et libert\u00e9s du 06 janvier 1978, vous pouvez \u00e0 tout moment modifier ou supprimer les renseignements li\u00e9s \u00e0 votre inscription. Ces informations vous concernant \u00e9tant confidentielles,&nbsp;Odile Abrand s\u2019engage \u00e0 les prot\u00e9ger. Vous disposez d\u2019un droit d\u2019acc\u00e8s, de modification, de rectification et de suppression des donn\u00e9es qui vous concernent (art. 34 de la loi \u00ab Informatique et Libert\u00e9s \u00bb). Vous pouvez exercer ce droit directement sur les sites concern\u00e9s ou en nous contactant : contact@lescourtoises.fr\" \/>\n<meta property=\"og:url\" content=\"https:\/\/lescourtoises.fr\/en\/mentions-legales-2\/\" \/>\n<meta property=\"og:site_name\" content=\"Les Courtoises\" \/>\n<meta property=\"article:modified_time\" content=\"2025-02-11T14:12:14+00:00\" \/>\n<meta name=\"twitter:card\" content=\"summary_large_image\" \/>\n<meta name=\"twitter:label1\" content=\"Est. reading time\" \/>\n\t<meta name=\"twitter:data1\" content=\"1 minute\" \/>\n<script type=\"application\/ld+json\" class=\"yoast-schema-graph\">{\"@context\":\"https:\\\/\\\/schema.org\",\"@graph\":[{\"@type\":\"WebPage\",\"@id\":\"https:\\\/\\\/lescourtoises.fr\\\/mentions-legales-2\\\/\",\"url\":\"https:\\\/\\\/lescourtoises.fr\\\/mentions-legales-2\\\/\",\"name\":\"Mentions L\u00e9gales - Les Courtoises\",\"isPartOf\":{\"@id\":\"https:\\\/\\\/lescourtoises.fr\\\/#website\"},\"datePublished\":\"2024-02-15T14:30:27+00:00\",\"dateModified\":\"2025-02-11T14:12:14+00:00\",\"breadcrumb\":{\"@id\":\"https:\\\/\\\/lescourtoises.fr\\\/mentions-legales-2\\\/#breadcrumb\"},\"inLanguage\":\"en-US\",\"potentialAction\":[{\"@type\":\"ReadAction\",\"target\":[\"https:\\\/\\\/lescourtoises.fr\\\/mentions-legales-2\\\/\"]}]},{\"@type\":\"BreadcrumbList\",\"@id\":\"https:\\\/\\\/lescourtoises.fr\\\/mentions-legales-2\\\/#breadcrumb\",\"itemListElement\":[{\"@type\":\"ListItem\",\"position\":1,\"name\":\"Accueil\",\"item\":\"https:\\\/\\\/lescourtoises.fr\\\/\"},{\"@type\":\"ListItem\",\"position\":2,\"name\":\"Mentions L\u00e9gales\"}]},{\"@type\":\"WebSite\",\"@id\":\"https:\\\/\\\/lescourtoises.fr\\\/#website\",\"url\":\"https:\\\/\\\/lescourtoises.fr\\\/\",\"name\":\"Les Courtoises\",\"description\":\"\",\"publisher\":{\"@id\":\"https:\\\/\\\/lescourtoises.fr\\\/#organization\"},\"potentialAction\":[{\"@type\":\"SearchAction\",\"target\":{\"@type\":\"EntryPoint\",\"urlTemplate\":\"https:\\\/\\\/lescourtoises.fr\\\/?s={search_term_string}\"},\"query-input\":{\"@type\":\"PropertyValueSpecification\",\"valueRequired\":true,\"valueName\":\"search_term_string\"}}],\"inLanguage\":\"en-US\"},{\"@type\":\"Organization\",\"@id\":\"https:\\\/\\\/lescourtoises.fr\\\/#organization\",\"name\":\"Les Courtoises\",\"url\":\"https:\\\/\\\/lescourtoises.fr\\\/\",\"logo\":{\"@type\":\"ImageObject\",\"inLanguage\":\"en-US\",\"@id\":\"https:\\\/\\\/lescourtoises.fr\\\/#\\\/schema\\\/logo\\\/image\\\/\",\"url\":\"https:\\\/\\\/lescourtoises.fr\\\/wp-content\\\/uploads\\\/2024\\\/01\\\/logo-2-lescourtoises.png\",\"contentUrl\":\"https:\\\/\\\/lescourtoises.fr\\\/wp-content\\\/uploads\\\/2024\\\/01\\\/logo-2-lescourtoises.png\",\"width\":771,\"height\":777,\"caption\":\"Les Courtoises\"},\"image\":{\"@id\":\"https:\\\/\\\/lescourtoises.fr\\\/#\\\/schema\\\/logo\\\/image\\\/\"}}]}<\/script>\n<!-- \/ Yoast SEO plugin. -->","yoast_head_json":{"title":"Mentions L\u00e9gales - Les Courtoises","robots":{"index":"index","follow":"follow","max-snippet":"max-snippet:-1","max-image-preview":"max-image-preview:large","max-video-preview":"max-video-preview:-1"},"canonical":"https:\/\/lescourtoises.fr\/en\/mentions-legales-2\/","og_locale":"en_US","og_type":"article","og_title":"Mentions L\u00e9gales - Les Courtoises","og_description":"Mentions l\u00e9gales Lescourtoises.fr est \u00e9dit\u00e9 par la soci\u00e9t\u00e9 Odile Abrand, sous le nom commercial : Les Courtoises. Odile Abrand 1 rue Fr\u00e9d\u00e9ric Bastiat75008 Paris&nbsp; E-mail : contact@lescourtoises.fr Paris A 437 711&nbsp;765 SIRET&nbsp;: 43771176500036Directeur de la Publication :Mme Odile Abrand HEBERGEUR Ce site est h\u00e9berg\u00e9 par :IONOS CONFIDENTIALITE ET PROTECTION DES DONNEES Conform\u00e9ment \u00e0 la loi informatique et libert\u00e9s du 06 janvier 1978, vous pouvez \u00e0 tout moment modifier ou supprimer les renseignements li\u00e9s \u00e0 votre inscription. Ces informations vous concernant \u00e9tant confidentielles,&nbsp;Odile Abrand s\u2019engage \u00e0 les prot\u00e9ger. Vous disposez d\u2019un droit d\u2019acc\u00e8s, de modification, de rectification et de suppression des donn\u00e9es qui vous concernent (art. 34 de la loi \u00ab Informatique et Libert\u00e9s \u00bb). Vous pouvez exercer ce droit directement sur les sites concern\u00e9s ou en nous contactant : contact@lescourtoises.fr","og_url":"https:\/\/lescourtoises.fr\/en\/mentions-legales-2\/","og_site_name":"Les Courtoises","article_modified_time":"2025-02-11T14:12:14+00:00","twitter_card":"summary_large_image","twitter_misc":{"Est. reading time":"1 minute"},"schema":{"@context":"https:\/\/schema.org","@graph":[{"@type":"WebPage","@id":"https:\/\/lescourtoises.fr\/mentions-legales-2\/","url":"https:\/\/lescourtoises.fr\/mentions-legales-2\/","name":"Mentions L\u00e9gales - Les Courtoises","isPartOf":{"@id":"https:\/\/lescourtoises.fr\/#website"},"datePublished":"2024-02-15T14:30:27+00:00","dateModified":"2025-02-11T14:12:14+00:00","breadcrumb":{"@id":"https:\/\/lescourtoises.fr\/mentions-legales-2\/#breadcrumb"},"inLanguage":"en-US","potentialAction":[{"@type":"ReadAction","target":["https:\/\/lescourtoises.fr\/mentions-legales-2\/"]}]},{"@type":"BreadcrumbList","@id":"https:\/\/lescourtoises.fr\/mentions-legales-2\/#breadcrumb","itemListElement":[{"@type":"ListItem","position":1,"name":"Accueil","item":"https:\/\/lescourtoises.fr\/"},{"@type":"ListItem","position":2,"name":"Mentions L\u00e9gales"}]},{"@type":"WebSite","@id":"https:\/\/lescourtoises.fr\/#website","url":"https:\/\/lescourtoises.fr\/","name":"Les Courtoises","description":"","publisher":{"@id":"https:\/\/lescourtoises.fr\/#organization"},"potentialAction":[{"@type":"SearchAction","target":{"@type":"EntryPoint","urlTemplate":"https:\/\/lescourtoises.fr\/?s={search_term_string}"},"query-input":{"@type":"PropertyValueSpecification","valueRequired":true,"valueName":"search_term_string"}}],"inLanguage":"en-US"},{"@type":"Organization","@id":"https:\/\/lescourtoises.fr\/#organization","name":"Les Courtoises","url":"https:\/\/lescourtoises.fr\/","logo":{"@type":"ImageObject","inLanguage":"en-US","@id":"https:\/\/lescourtoises.fr\/#\/schema\/logo\/image\/","url":"https:\/\/lescourtoises.fr\/wp-content\/uploads\/2024\/01\/logo-2-lescourtoises.png","contentUrl":"https:\/\/lescourtoises.fr\/wp-content\/uploads\/2024\/01\/logo-2-lescourtoises.png","width":771,"height":777,"caption":"Les Courtoises"},"image":{"@id":"https:\/\/lescourtoises.fr\/#\/schema\/logo\/image\/"}}]}},"_links":{"self":[{"href":"https:\/\/lescourtoises.fr\/en\/wp-json\/wp\/v2\/pages\/1067","targetHints":{"allow":["GET"]}}],"collection":[{"href":"https:\/\/lescourtoises.fr\/en\/wp-json\/wp\/v2\/pages"}],"about":[{"href":"https:\/\/lescourtoises.fr\/en\/wp-json\/wp\/v2\/types\/page"}],"author":[{"embeddable":true,"href":"https:\/\/lescourtoises.fr\/en\/wp-json\/wp\/v2\/users\/2"}],"replies":[{"embeddable":true,"href":"https:\/\/lescourtoises.fr\/en\/wp-json\/wp\/v2\/comments?post=1067"}],"version-history":[{"count":16,"href":"https:\/\/lescourtoises.fr\/en\/wp-json\/wp\/v2\/pages\/1067\/revisions"}],"predecessor-version":[{"id":1662,"href":"https:\/\/lescourtoises.fr\/en\/wp-json\/wp\/v2\/pages\/1067\/revisions\/1662"}],"wp:attachment":[{"href":"https:\/\/lescourtoises.fr\/en\/wp-json\/wp\/v2\/media?parent=1067"}],"curies":[{"name":"wp","href":"https:\/\/api.w.org\/{rel}","templated":true}]}}