{"id":15,"date":"2024-01-29T19:36:51","date_gmt":"2024-01-29T19:36:51","guid":{"rendered":"https:\/\/lescourtoises.fr\/panier\/"},"modified":"2024-11-02T10:52:54","modified_gmt":"2024-11-02T10:52:54","slug":"panier","status":"publish","type":"page","link":"https:\/\/lescourtoises.fr\/en\/panier\/","title":{"rendered":"Shopping Cart"},"content":{"rendered":"<div data-elementor-type=\"wp-page\" data-elementor-id=\"15\" class=\"elementor elementor-15\" data-elementor-post-type=\"page\">\n\t\t\t\t<div class=\"elementor-element elementor-element-1ad6ab85 e-flex e-con-boxed wpr-particle-no wpr-jarallax-no wpr-parallax-no wpr-sticky-section-no wpr-equal-height-no e-con e-parent\" data-id=\"1ad6ab85\" data-element_type=\"container\" data-e-type=\"container\">\n\t\t\t\t\t<div class=\"e-con-inner\">\n\t\t\t\t\t<\/div>\n\t\t\t\t<\/div>\n\t\t\t\t<\/div>","protected":false},"excerpt":{"rendered":"<p>Supprimer l\u2019\u00e9l\u00e9ment Miniature Produit Prix Quantit\u00e9 Sous-total &times; SAC VALENTIN VERT MENTHE 580,00&nbsp;&euro; quantit\u00e9 de SAC VALENTIN VERT MENTHE 4640,00&nbsp;&euro; &times; SAC VALENTIN TISSU CHEVRON 580,00&nbsp;&euro; quantit\u00e9 de SAC VALENTIN TISSU CHEVRON 5220,00&nbsp;&euro; Mettre \u00e0 jour le panier Totals Sous-total 9860,00&nbsp;&euro; Total 9860,00&nbsp;&euro; Passer au commande<\/p>","protected":false},"author":1,"featured_media":0,"parent":0,"menu_order":0,"comment_status":"closed","ping_status":"closed","template":"","meta":{"footnotes":""},"class_list":["post-15","page","type-page","status-publish","hentry"],"yoast_head":"<!-- This site is optimized with the Yoast SEO plugin v27.3 - https:\/\/yoast.com\/product\/yoast-seo-wordpress\/ -->\n<title>Panier - Les Courtoises<\/title>\n<meta name=\"robots\" content=\"index, follow, max-snippet:-1, max-image-preview:large, max-video-preview:-1\" \/>\n<link rel=\"canonical\" href=\"https:\/\/lescourtoises.fr\/en\/panier\/\" \/>\n<meta property=\"og:locale\" content=\"en_US\" \/>\n<meta property=\"og:type\" content=\"article\" \/>\n<meta property=\"og:title\" content=\"Panier - Les Courtoises\" \/>\n<meta property=\"og:description\" content=\"Supprimer l\u2019\u00e9l\u00e9ment Miniature Produit Prix Quantit\u00e9 Sous-total &times; SAC VALENTIN VERT MENTHE 580,00&nbsp;&euro; quantit\u00e9 de SAC VALENTIN VERT MENTHE 4640,00&nbsp;&euro; &times; SAC VALENTIN TISSU CHEVRON 580,00&nbsp;&euro; quantit\u00e9 de SAC VALENTIN TISSU CHEVRON 5220,00&nbsp;&euro; Mettre \u00e0 jour le panier Totals Sous-total 9860,00&nbsp;&euro; Total 9860,00&nbsp;&euro; Passer au commande\" \/>\n<meta property=\"og:url\" content=\"https:\/\/lescourtoises.fr\/en\/panier\/\" \/>\n<meta property=\"og:site_name\" content=\"Les Courtoises\" \/>\n<meta property=\"article:modified_time\" content=\"2024-11-02T10:52:54+00:00\" \/>\n<meta property=\"og:image\" content=\"https:\/\/lescourtoises.fr\/wp-content\/uploads\/2024\/02\/single-product-300x300.jpg\" \/>\n<meta name=\"twitter:card\" content=\"summary_large_image\" \/>\n<meta name=\"twitter:label1\" content=\"Est. reading time\" \/>\n\t<meta name=\"twitter:data1\" content=\"1 minute\" \/>\n<script type=\"application\/ld+json\" class=\"yoast-schema-graph\">{\"@context\":\"https:\\\/\\\/schema.org\",\"@graph\":[{\"@type\":\"WebPage\",\"@id\":\"https:\\\/\\\/lescourtoises.fr\\\/panier\\\/\",\"url\":\"https:\\\/\\\/lescourtoises.fr\\\/panier\\\/\",\"name\":\"Panier - Les Courtoises\",\"isPartOf\":{\"@id\":\"https:\\\/\\\/lescourtoises.fr\\\/#website\"},\"primaryImageOfPage\":{\"@id\":\"https:\\\/\\\/lescourtoises.fr\\\/panier\\\/#primaryimage\"},\"image\":{\"@id\":\"https:\\\/\\\/lescourtoises.fr\\\/panier\\\/#primaryimage\"},\"thumbnailUrl\":\"https:\\\/\\\/lescourtoises.fr\\\/wp-content\\\/uploads\\\/2024\\\/02\\\/single-product-300x300.jpg\",\"datePublished\":\"2024-01-29T19:36:51+00:00\",\"dateModified\":\"2024-11-02T10:52:54+00:00\",\"breadcrumb\":{\"@id\":\"https:\\\/\\\/lescourtoises.fr\\\/panier\\\/#breadcrumb\"},\"inLanguage\":\"en-US\",\"potentialAction\":[{\"@type\":\"ReadAction\",\"target\":[\"https:\\\/\\\/lescourtoises.fr\\\/panier\\\/\"]}]},{\"@type\":\"ImageObject\",\"inLanguage\":\"en-US\",\"@id\":\"https:\\\/\\\/lescourtoises.fr\\\/panier\\\/#primaryimage\",\"url\":\"https:\\\/\\\/lescourtoises.fr\\\/wp-content\\\/uploads\\\/2024\\\/02\\\/single-product-300x300.jpg\",\"contentUrl\":\"https:\\\/\\\/lescourtoises.fr\\\/wp-content\\\/uploads\\\/2024\\\/02\\\/single-product-300x300.jpg\"},{\"@type\":\"BreadcrumbList\",\"@id\":\"https:\\\/\\\/lescourtoises.fr\\\/panier\\\/#breadcrumb\",\"itemListElement\":[{\"@type\":\"ListItem\",\"position\":1,\"name\":\"Accueil\",\"item\":\"https:\\\/\\\/lescourtoises.fr\\\/\"},{\"@type\":\"ListItem\",\"position\":2,\"name\":\"Panier\"}]},{\"@type\":\"WebSite\",\"@id\":\"https:\\\/\\\/lescourtoises.fr\\\/#website\",\"url\":\"https:\\\/\\\/lescourtoises.fr\\\/\",\"name\":\"Les Courtoises\",\"description\":\"\",\"publisher\":{\"@id\":\"https:\\\/\\\/lescourtoises.fr\\\/#organization\"},\"potentialAction\":[{\"@type\":\"SearchAction\",\"target\":{\"@type\":\"EntryPoint\",\"urlTemplate\":\"https:\\\/\\\/lescourtoises.fr\\\/?s={search_term_string}\"},\"query-input\":{\"@type\":\"PropertyValueSpecification\",\"valueRequired\":true,\"valueName\":\"search_term_string\"}}],\"inLanguage\":\"en-US\"},{\"@type\":\"Organization\",\"@id\":\"https:\\\/\\\/lescourtoises.fr\\\/#organization\",\"name\":\"Les Courtoises\",\"url\":\"https:\\\/\\\/lescourtoises.fr\\\/\",\"logo\":{\"@type\":\"ImageObject\",\"inLanguage\":\"en-US\",\"@id\":\"https:\\\/\\\/lescourtoises.fr\\\/#\\\/schema\\\/logo\\\/image\\\/\",\"url\":\"https:\\\/\\\/lescourtoises.fr\\\/wp-content\\\/uploads\\\/2024\\\/01\\\/logo-2-lescourtoises.png\",\"contentUrl\":\"https:\\\/\\\/lescourtoises.fr\\\/wp-content\\\/uploads\\\/2024\\\/01\\\/logo-2-lescourtoises.png\",\"width\":771,\"height\":777,\"caption\":\"Les Courtoises\"},\"image\":{\"@id\":\"https:\\\/\\\/lescourtoises.fr\\\/#\\\/schema\\\/logo\\\/image\\\/\"}}]}<\/script>\n<!-- \/ Yoast SEO plugin. -->","yoast_head_json":{"title":"Panier - Les Courtoises","robots":{"index":"index","follow":"follow","max-snippet":"max-snippet:-1","max-image-preview":"max-image-preview:large","max-video-preview":"max-video-preview:-1"},"canonical":"https:\/\/lescourtoises.fr\/en\/panier\/","og_locale":"en_US","og_type":"article","og_title":"Panier - Les Courtoises","og_description":"Supprimer l\u2019\u00e9l\u00e9ment Miniature Produit Prix Quantit\u00e9 Sous-total &times; SAC VALENTIN VERT MENTHE 580,00&nbsp;&euro; quantit\u00e9 de SAC VALENTIN VERT MENTHE 4640,00&nbsp;&euro; &times; SAC VALENTIN TISSU CHEVRON 580,00&nbsp;&euro; quantit\u00e9 de SAC VALENTIN TISSU CHEVRON 5220,00&nbsp;&euro; Mettre \u00e0 jour le panier Totals Sous-total 9860,00&nbsp;&euro; Total 9860,00&nbsp;&euro; Passer au commande","og_url":"https:\/\/lescourtoises.fr\/en\/panier\/","og_site_name":"Les Courtoises","article_modified_time":"2024-11-02T10:52:54+00:00","og_image":[{"url":"https:\/\/lescourtoises.fr\/wp-content\/uploads\/2024\/02\/single-product-300x300.jpg","type":"","width":"","height":""}],"twitter_card":"summary_large_image","twitter_misc":{"Est. reading time":"1 minute"},"schema":{"@context":"https:\/\/schema.org","@graph":[{"@type":"WebPage","@id":"https:\/\/lescourtoises.fr\/panier\/","url":"https:\/\/lescourtoises.fr\/panier\/","name":"Panier - Les Courtoises","isPartOf":{"@id":"https:\/\/lescourtoises.fr\/#website"},"primaryImageOfPage":{"@id":"https:\/\/lescourtoises.fr\/panier\/#primaryimage"},"image":{"@id":"https:\/\/lescourtoises.fr\/panier\/#primaryimage"},"thumbnailUrl":"https:\/\/lescourtoises.fr\/wp-content\/uploads\/2024\/02\/single-product-300x300.jpg","datePublished":"2024-01-29T19:36:51+00:00","dateModified":"2024-11-02T10:52:54+00:00","breadcrumb":{"@id":"https:\/\/lescourtoises.fr\/panier\/#breadcrumb"},"inLanguage":"en-US","potentialAction":[{"@type":"ReadAction","target":["https:\/\/lescourtoises.fr\/panier\/"]}]},{"@type":"ImageObject","inLanguage":"en-US","@id":"https:\/\/lescourtoises.fr\/panier\/#primaryimage","url":"https:\/\/lescourtoises.fr\/wp-content\/uploads\/2024\/02\/single-product-300x300.jpg","contentUrl":"https:\/\/lescourtoises.fr\/wp-content\/uploads\/2024\/02\/single-product-300x300.jpg"},{"@type":"BreadcrumbList","@id":"https:\/\/lescourtoises.fr\/panier\/#breadcrumb","itemListElement":[{"@type":"ListItem","position":1,"name":"Accueil","item":"https:\/\/lescourtoises.fr\/"},{"@type":"ListItem","position":2,"name":"Panier"}]},{"@type":"WebSite","@id":"https:\/\/lescourtoises.fr\/#website","url":"https:\/\/lescourtoises.fr\/","name":"Les Courtoises","description":"","publisher":{"@id":"https:\/\/lescourtoises.fr\/#organization"},"potentialAction":[{"@type":"SearchAction","target":{"@type":"EntryPoint","urlTemplate":"https:\/\/lescourtoises.fr\/?s={search_term_string}"},"query-input":{"@type":"PropertyValueSpecification","valueRequired":true,"valueName":"search_term_string"}}],"inLanguage":"en-US"},{"@type":"Organization","@id":"https:\/\/lescourtoises.fr\/#organization","name":"Les Courtoises","url":"https:\/\/lescourtoises.fr\/","logo":{"@type":"ImageObject","inLanguage":"en-US","@id":"https:\/\/lescourtoises.fr\/#\/schema\/logo\/image\/","url":"https:\/\/lescourtoises.fr\/wp-content\/uploads\/2024\/01\/logo-2-lescourtoises.png","contentUrl":"https:\/\/lescourtoises.fr\/wp-content\/uploads\/2024\/01\/logo-2-lescourtoises.png","width":771,"height":777,"caption":"Les Courtoises"},"image":{"@id":"https:\/\/lescourtoises.fr\/#\/schema\/logo\/image\/"}}]}},"_links":{"self":[{"href":"https:\/\/lescourtoises.fr\/en\/wp-json\/wp\/v2\/pages\/15","targetHints":{"allow":["GET"]}}],"collection":[{"href":"https:\/\/lescourtoises.fr\/en\/wp-json\/wp\/v2\/pages"}],"about":[{"href":"https:\/\/lescourtoises.fr\/en\/wp-json\/wp\/v2\/types\/page"}],"author":[{"embeddable":true,"href":"https:\/\/lescourtoises.fr\/en\/wp-json\/wp\/v2\/users\/1"}],"replies":[{"embeddable":true,"href":"https:\/\/lescourtoises.fr\/en\/wp-json\/wp\/v2\/comments?post=15"}],"version-history":[{"count":9,"href":"https:\/\/lescourtoises.fr\/en\/wp-json\/wp\/v2\/pages\/15\/revisions"}],"predecessor-version":[{"id":610,"href":"https:\/\/lescourtoises.fr\/en\/wp-json\/wp\/v2\/pages\/15\/revisions\/610"}],"wp:attachment":[{"href":"https:\/\/lescourtoises.fr\/en\/wp-json\/wp\/v2\/media?parent=15"}],"curies":[{"name":"wp","href":"https:\/\/api.w.org\/{rel}","templated":true}]}}