{"id":17,"date":"2024-01-29T19:36:51","date_gmt":"2024-01-29T19:36:51","guid":{"rendered":"https:\/\/lescourtoises.fr\/mon-compte\/"},"modified":"2024-11-02T10:52:43","modified_gmt":"2024-11-02T10:52:43","slug":"mon-compte","status":"publish","type":"page","link":"https:\/\/lescourtoises.fr\/en\/mon-compte\/","title":{"rendered":"My account"},"content":{"rendered":"<div data-elementor-type=\"wp-page\" data-elementor-id=\"17\" class=\"elementor elementor-17\" data-elementor-post-type=\"page\">\n\t\t\t\t<div class=\"elementor-element elementor-element-70927f9 e-flex e-con-boxed wpr-particle-no wpr-jarallax-no wpr-parallax-no wpr-sticky-section-no wpr-equal-height-no e-con e-parent\" data-id=\"70927f9\" data-element_type=\"container\" data-e-type=\"container\">\n\t\t\t\t\t<div class=\"e-con-inner\">\n\t\t\t\t<div class=\"elementor-element elementor-element-706f416 e-my-account-tabs-vertical elementor-widget elementor-widget-woocommerce-my-account\" data-id=\"706f416\" data-element_type=\"widget\" data-e-type=\"widget\" data-widget_type=\"woocommerce-my-account.default\">\n\t\t\t\t<div class=\"elementor-widget-container\">\n\t\t\t\t\t<div class=\"e-my-account-tab e-my-account-tab__\">\t\t\t<div class=\"woocommerce\"><\/div>\t\t<\/div>\n\t\t\t\t\t\t<\/div>\n\t\t\t\t<\/div>\n\t\t\t\t\t<\/div>\n\t\t\t\t<\/div>\n\t\t\t\t<\/div>","protected":false},"excerpt":{"rendered":"<p>Tableau de bord Commandes T\u00e9l\u00e9chargements Adresses D\u00e9tails de compte Se d\u00e9connecter Bonjour DevCityWeb (vous n\u2019\u00eates pas DevCityWeb\u00a0? D\u00e9connexion) \u00c0 partir du tableau de bord de votre compte, vous pouvez visualiser vos commandes r\u00e9centes, g\u00e9rer vos adresses de livraison et de facturation ainsi que changer votre mot de passe et les d\u00e9tails de votre compte.<\/p>","protected":false},"author":1,"featured_media":0,"parent":0,"menu_order":0,"comment_status":"closed","ping_status":"closed","template":"","meta":{"footnotes":""},"class_list":["post-17","page","type-page","status-publish","hentry"],"yoast_head":"<!-- This site is optimized with the Yoast SEO plugin v27.3 - https:\/\/yoast.com\/product\/yoast-seo-wordpress\/ -->\n<title>Mon compte - Les Courtoises<\/title>\n<meta name=\"robots\" content=\"index, follow, max-snippet:-1, max-image-preview:large, max-video-preview:-1\" \/>\n<link rel=\"canonical\" href=\"https:\/\/lescourtoises.fr\/en\/mon-compte\/\" \/>\n<meta property=\"og:locale\" content=\"en_US\" \/>\n<meta property=\"og:type\" content=\"article\" \/>\n<meta property=\"og:title\" content=\"Mon compte - Les Courtoises\" \/>\n<meta property=\"og:description\" content=\"Tableau de bord Commandes T\u00e9l\u00e9chargements Adresses D\u00e9tails de compte Se d\u00e9connecter Bonjour DevCityWeb (vous n\u2019\u00eates pas DevCityWeb\u00a0? D\u00e9connexion) \u00c0 partir du tableau de bord de votre compte, vous pouvez visualiser vos commandes r\u00e9centes, g\u00e9rer vos adresses de livraison et de facturation ainsi que changer votre mot de passe et les d\u00e9tails de votre compte.\" \/>\n<meta property=\"og:url\" content=\"https:\/\/lescourtoises.fr\/en\/mon-compte\/\" \/>\n<meta property=\"og:site_name\" content=\"Les Courtoises\" \/>\n<meta property=\"article:modified_time\" content=\"2024-11-02T10:52:43+00:00\" \/>\n<meta name=\"twitter:card\" content=\"summary_large_image\" \/>\n<meta name=\"twitter:label1\" content=\"Est. reading time\" \/>\n\t<meta name=\"twitter:data1\" content=\"2 minutes\" \/>\n<script type=\"application\/ld+json\" class=\"yoast-schema-graph\">{\"@context\":\"https:\\\/\\\/schema.org\",\"@graph\":[{\"@type\":\"WebPage\",\"@id\":\"https:\\\/\\\/lescourtoises.fr\\\/mon-compte\\\/\",\"url\":\"https:\\\/\\\/lescourtoises.fr\\\/mon-compte\\\/\",\"name\":\"Mon compte - Les Courtoises\",\"isPartOf\":{\"@id\":\"https:\\\/\\\/lescourtoises.fr\\\/#website\"},\"datePublished\":\"2024-01-29T19:36:51+00:00\",\"dateModified\":\"2024-11-02T10:52:43+00:00\",\"breadcrumb\":{\"@id\":\"https:\\\/\\\/lescourtoises.fr\\\/mon-compte\\\/#breadcrumb\"},\"inLanguage\":\"en-US\",\"potentialAction\":[{\"@type\":\"ReadAction\",\"target\":[\"https:\\\/\\\/lescourtoises.fr\\\/mon-compte\\\/\"]}]},{\"@type\":\"BreadcrumbList\",\"@id\":\"https:\\\/\\\/lescourtoises.fr\\\/mon-compte\\\/#breadcrumb\",\"itemListElement\":[{\"@type\":\"ListItem\",\"position\":1,\"name\":\"Accueil\",\"item\":\"https:\\\/\\\/lescourtoises.fr\\\/\"},{\"@type\":\"ListItem\",\"position\":2,\"name\":\"Mon compte\"}]},{\"@type\":\"WebSite\",\"@id\":\"https:\\\/\\\/lescourtoises.fr\\\/#website\",\"url\":\"https:\\\/\\\/lescourtoises.fr\\\/\",\"name\":\"Les Courtoises\",\"description\":\"\",\"publisher\":{\"@id\":\"https:\\\/\\\/lescourtoises.fr\\\/#organization\"},\"potentialAction\":[{\"@type\":\"SearchAction\",\"target\":{\"@type\":\"EntryPoint\",\"urlTemplate\":\"https:\\\/\\\/lescourtoises.fr\\\/?s={search_term_string}\"},\"query-input\":{\"@type\":\"PropertyValueSpecification\",\"valueRequired\":true,\"valueName\":\"search_term_string\"}}],\"inLanguage\":\"en-US\"},{\"@type\":\"Organization\",\"@id\":\"https:\\\/\\\/lescourtoises.fr\\\/#organization\",\"name\":\"Les Courtoises\",\"url\":\"https:\\\/\\\/lescourtoises.fr\\\/\",\"logo\":{\"@type\":\"ImageObject\",\"inLanguage\":\"en-US\",\"@id\":\"https:\\\/\\\/lescourtoises.fr\\\/#\\\/schema\\\/logo\\\/image\\\/\",\"url\":\"https:\\\/\\\/lescourtoises.fr\\\/wp-content\\\/uploads\\\/2024\\\/01\\\/logo-2-lescourtoises.png\",\"contentUrl\":\"https:\\\/\\\/lescourtoises.fr\\\/wp-content\\\/uploads\\\/2024\\\/01\\\/logo-2-lescourtoises.png\",\"width\":771,\"height\":777,\"caption\":\"Les Courtoises\"},\"image\":{\"@id\":\"https:\\\/\\\/lescourtoises.fr\\\/#\\\/schema\\\/logo\\\/image\\\/\"}}]}<\/script>\n<!-- \/ Yoast SEO plugin. -->","yoast_head_json":{"title":"Mon compte - Les Courtoises","robots":{"index":"index","follow":"follow","max-snippet":"max-snippet:-1","max-image-preview":"max-image-preview:large","max-video-preview":"max-video-preview:-1"},"canonical":"https:\/\/lescourtoises.fr\/en\/mon-compte\/","og_locale":"en_US","og_type":"article","og_title":"Mon compte - Les Courtoises","og_description":"Tableau de bord Commandes T\u00e9l\u00e9chargements Adresses D\u00e9tails de compte Se d\u00e9connecter Bonjour DevCityWeb (vous n\u2019\u00eates pas DevCityWeb\u00a0? D\u00e9connexion) \u00c0 partir du tableau de bord de votre compte, vous pouvez visualiser vos commandes r\u00e9centes, g\u00e9rer vos adresses de livraison et de facturation ainsi que changer votre mot de passe et les d\u00e9tails de votre compte.","og_url":"https:\/\/lescourtoises.fr\/en\/mon-compte\/","og_site_name":"Les Courtoises","article_modified_time":"2024-11-02T10:52:43+00:00","twitter_card":"summary_large_image","twitter_misc":{"Est. reading time":"2 minutes"},"schema":{"@context":"https:\/\/schema.org","@graph":[{"@type":"WebPage","@id":"https:\/\/lescourtoises.fr\/mon-compte\/","url":"https:\/\/lescourtoises.fr\/mon-compte\/","name":"Mon compte - Les Courtoises","isPartOf":{"@id":"https:\/\/lescourtoises.fr\/#website"},"datePublished":"2024-01-29T19:36:51+00:00","dateModified":"2024-11-02T10:52:43+00:00","breadcrumb":{"@id":"https:\/\/lescourtoises.fr\/mon-compte\/#breadcrumb"},"inLanguage":"en-US","potentialAction":[{"@type":"ReadAction","target":["https:\/\/lescourtoises.fr\/mon-compte\/"]}]},{"@type":"BreadcrumbList","@id":"https:\/\/lescourtoises.fr\/mon-compte\/#breadcrumb","itemListElement":[{"@type":"ListItem","position":1,"name":"Accueil","item":"https:\/\/lescourtoises.fr\/"},{"@type":"ListItem","position":2,"name":"Mon compte"}]},{"@type":"WebSite","@id":"https:\/\/lescourtoises.fr\/#website","url":"https:\/\/lescourtoises.fr\/","name":"Les Courtoises","description":"","publisher":{"@id":"https:\/\/lescourtoises.fr\/#organization"},"potentialAction":[{"@type":"SearchAction","target":{"@type":"EntryPoint","urlTemplate":"https:\/\/lescourtoises.fr\/?s={search_term_string}"},"query-input":{"@type":"PropertyValueSpecification","valueRequired":true,"valueName":"search_term_string"}}],"inLanguage":"en-US"},{"@type":"Organization","@id":"https:\/\/lescourtoises.fr\/#organization","name":"Les Courtoises","url":"https:\/\/lescourtoises.fr\/","logo":{"@type":"ImageObject","inLanguage":"en-US","@id":"https:\/\/lescourtoises.fr\/#\/schema\/logo\/image\/","url":"https:\/\/lescourtoises.fr\/wp-content\/uploads\/2024\/01\/logo-2-lescourtoises.png","contentUrl":"https:\/\/lescourtoises.fr\/wp-content\/uploads\/2024\/01\/logo-2-lescourtoises.png","width":771,"height":777,"caption":"Les Courtoises"},"image":{"@id":"https:\/\/lescourtoises.fr\/#\/schema\/logo\/image\/"}}]}},"_links":{"self":[{"href":"https:\/\/lescourtoises.fr\/en\/wp-json\/wp\/v2\/pages\/17","targetHints":{"allow":["GET"]}}],"collection":[{"href":"https:\/\/lescourtoises.fr\/en\/wp-json\/wp\/v2\/pages"}],"about":[{"href":"https:\/\/lescourtoises.fr\/en\/wp-json\/wp\/v2\/types\/page"}],"author":[{"embeddable":true,"href":"https:\/\/lescourtoises.fr\/en\/wp-json\/wp\/v2\/users\/1"}],"replies":[{"embeddable":true,"href":"https:\/\/lescourtoises.fr\/en\/wp-json\/wp\/v2\/comments?post=17"}],"version-history":[{"count":9,"href":"https:\/\/lescourtoises.fr\/en\/wp-json\/wp\/v2\/pages\/17\/revisions"}],"predecessor-version":[{"id":601,"href":"https:\/\/lescourtoises.fr\/en\/wp-json\/wp\/v2\/pages\/17\/revisions\/601"}],"wp:attachment":[{"href":"https:\/\/lescourtoises.fr\/en\/wp-json\/wp\/v2\/media?parent=17"}],"curies":[{"name":"wp","href":"https:\/\/api.w.org\/{rel}","templated":true}]}}