{"id":40,"date":"2024-02-01T08:10:25","date_gmt":"2024-02-01T08:10:25","guid":{"rendered":"https:\/\/lescourtoises.fr\/?page_id=40"},"modified":"2025-11-19T17:22:21","modified_gmt":"2025-11-19T17:22:21","slug":"mon-histoire","status":"publish","type":"page","link":"https:\/\/lescourtoises.fr\/en\/mon-histoire\/","title":{"rendered":"My story"},"content":{"rendered":"<div data-elementor-type=\"wp-page\" data-elementor-id=\"40\" class=\"elementor elementor-40\" data-elementor-post-type=\"page\">\n\t\t\t\t<div class=\"elementor-element elementor-element-69dd78d e-flex e-con-boxed wpr-particle-no wpr-jarallax-no wpr-parallax-no wpr-sticky-section-no wpr-equal-height-no e-con e-parent\" data-id=\"69dd78d\" data-element_type=\"container\" data-e-type=\"container\">\n\t\t\t\t\t<div class=\"e-con-inner\">\n\t\t<div class=\"elementor-element elementor-element-fc230c9 e-con-full e-flex wpr-particle-no wpr-jarallax-no wpr-parallax-no wpr-sticky-section-no wpr-equal-height-no e-con e-child\" data-id=\"fc230c9\" data-element_type=\"container\" data-e-type=\"container\">\n\t\t\t\t<div class=\"elementor-element elementor-element-149c790 img-border elementor-widget elementor-widget-image\" data-id=\"149c790\" data-element_type=\"widget\" data-e-type=\"widget\" data-widget_type=\"image.default\">\n\t\t\t\t<div class=\"elementor-widget-container\">\n\t\t\t\t\t\t\t\t\t\t\t\t\t\t\t<img fetchpriority=\"high\" decoding=\"async\" width=\"649\" height=\"1024\" src=\"https:\/\/lescourtoises.fr\/wp-content\/uploads\/2025\/07\/IMG_6932-649x1024.jpeg\" class=\"attachment-large size-large wp-image-1900\" alt=\"\" srcset=\"https:\/\/lescourtoises.fr\/wp-content\/uploads\/2025\/07\/IMG_6932-649x1024.jpeg 649w, https:\/\/lescourtoises.fr\/wp-content\/uploads\/2025\/07\/IMG_6932-190x300.jpeg 190w, https:\/\/lescourtoises.fr\/wp-content\/uploads\/2025\/07\/IMG_6932-768x1211.jpeg 768w, https:\/\/lescourtoises.fr\/wp-content\/uploads\/2025\/07\/IMG_6932-974x1536.jpeg 974w, https:\/\/lescourtoises.fr\/wp-content\/uploads\/2025\/07\/IMG_6932-8x12.jpeg 8w, https:\/\/lescourtoises.fr\/wp-content\/uploads\/2025\/07\/IMG_6932-800x1261.jpeg 800w, https:\/\/lescourtoises.fr\/wp-content\/uploads\/2025\/07\/IMG_6932.jpeg 1179w\" sizes=\"(max-width: 649px) 100vw, 649px\" \/>\t\t\t\t\t\t\t\t\t\t\t\t\t\t\t<\/div>\n\t\t\t\t<\/div>\n\t\t\t\t<\/div>\n\t\t<div class=\"elementor-element elementor-element-6a0af90 e-con-full e-flex wpr-particle-no wpr-jarallax-no wpr-parallax-no wpr-sticky-section-no wpr-equal-height-no e-con e-child\" data-id=\"6a0af90\" data-element_type=\"container\" data-e-type=\"container\">\n\t\t\t\t<div class=\"elementor-element elementor-element-2bae4aa elementor-widget elementor-widget-heading\" data-id=\"2bae4aa\" data-element_type=\"widget\" data-e-type=\"widget\" data-widget_type=\"heading.default\">\n\t\t\t\t<div class=\"elementor-widget-container\">\n\t\t\t\t\t<h2 class=\"elementor-heading-title elementor-size-default\">My <b>history<\/b><\/h2>\t\t\t\t<\/div>\n\t\t\t\t<\/div>\n\t\t\t\t<div class=\"elementor-element elementor-element-3ff6caf elementor-widget-divider--view-line elementor-widget elementor-widget-divider\" data-id=\"3ff6caf\" data-element_type=\"widget\" data-e-type=\"widget\" data-widget_type=\"divider.default\">\n\t\t\t\t<div class=\"elementor-widget-container\">\n\t\t\t\t\t\t\t<div class=\"elementor-divider\">\n\t\t\t<span class=\"elementor-divider-separator\">\n\t\t\t\t\t\t<\/span>\n\t\t<\/div>\n\t\t\t\t\t\t<\/div>\n\t\t\t\t<\/div>\n\t\t\t\t<div class=\"elementor-element elementor-element-1711a20 elementor-widget elementor-widget-text-editor\" data-id=\"1711a20\" data-element_type=\"widget\" data-e-type=\"widget\" data-widget_type=\"text-editor.default\">\n\t\t\t\t<div class=\"elementor-widget-container\">\n\t\t\t\t\t\t\t\t\t<p>LES COURTOISES is a women\u2019s handbag brand that I recently created in 2023.<\/p><p>I draw my inspiration from the spirit of the times, from the royal courts, from antiquing, as well as from my numerous travels to create an ultra feminine, glamorous, colorful and contemporary universe.<\/p><p>I name my brand LES COURTOISES in homage to women and courtesy but also to celebrate \u201cFrench\u201d chic.<\/p><p>My passion for fabrics, fashion and accessories is not new. It developed more than 20 years ago in the world of decoration where I worked: I was already mixing colors, materials, fabrics, velvet (lots of velvet!) and accessories.<\/p><p>Many years later, when I was looking for a bag to accessorize an outfit and couldn't find what I wanted in stores, I tried to create it myself. I pulled out all the fabrics I had kept in my drawers for centuries and started experimenting with sewing. From decoration, I moved on to bags! This is how my creative handbag project was born.\u00a0<\/p><div>\u00a0<\/div>\t\t\t\t\t\t\t\t<\/div>\n\t\t\t\t<\/div>\n\t\t\t\t<\/div>\n\t\t\t\t\t<\/div>\n\t\t\t\t<\/div>\n\t\t<div class=\"elementor-element elementor-element-fca74bf e-flex e-con-boxed wpr-particle-no wpr-jarallax-no wpr-parallax-no wpr-sticky-section-no wpr-equal-height-no e-con e-parent\" data-id=\"fca74bf\" data-element_type=\"container\" data-e-type=\"container\">\n\t\t\t\t\t<div class=\"e-con-inner\">\n\t\t<div class=\"elementor-element elementor-element-207df16 e-con-full e-flex wpr-particle-no wpr-jarallax-no wpr-parallax-no wpr-sticky-section-no wpr-equal-height-no e-con e-child\" data-id=\"207df16\" data-element_type=\"container\" data-e-type=\"container\">\n\t\t\t\t<div class=\"elementor-element elementor-element-9c48abe elementor-widget elementor-widget-heading\" data-id=\"9c48abe\" data-element_type=\"widget\" data-e-type=\"widget\" data-widget_type=\"heading.default\">\n\t\t\t\t<div class=\"elementor-widget-container\">\n\t\t\t\t\t<h2 class=\"elementor-heading-title elementor-size-default\">DESCRIPTION <b>OF BAGS<\/b> <\/h2>\t\t\t\t<\/div>\n\t\t\t\t<\/div>\n\t\t\t\t<div class=\"elementor-element elementor-element-d81e6ac elementor-widget-divider--view-line elementor-widget elementor-widget-divider\" data-id=\"d81e6ac\" data-element_type=\"widget\" data-e-type=\"widget\" data-widget_type=\"divider.default\">\n\t\t\t\t<div class=\"elementor-widget-container\">\n\t\t\t\t\t\t\t<div class=\"elementor-divider\">\n\t\t\t<span class=\"elementor-divider-separator\">\n\t\t\t\t\t\t<\/span>\n\t\t<\/div>\n\t\t\t\t\t\t<\/div>\n\t\t\t\t<\/div>\n\t\t\t\t<div class=\"elementor-element elementor-element-d3fad32 elementor-widget elementor-widget-text-editor\" data-id=\"d3fad32\" data-element_type=\"widget\" data-e-type=\"widget\" data-widget_type=\"text-editor.default\">\n\t\t\t\t<div class=\"elementor-widget-container\">\n\t\t\t\t\t\t\t\t\t<p>The Valentin bag (named after my youngest son) is the very first model from my brand. It is a handbag with a quilted flap, BI material in fabric and velvet OR fabric and calfskin, depending on the model.<\/p><p>For my first collection, it is available in 7 different materials and colors.\u00a0<\/p><p>Interior calfskin lining.\u00a0<\/p><p>Un compartiment unique avec une grande poche zipp\u00e9e, une poche plate et une jolie \u00e9tiquette.\u00a0<\/p><p>Closure with 4 round magnets (including 2 invisible).<\/p><div>\u00a0<\/div>\t\t\t\t\t\t\t\t<\/div>\n\t\t\t\t<\/div>\n\t\t\t\t<div class=\"elementor-element elementor-element-eca8b5a elementor-widget elementor-widget-heading\" data-id=\"eca8b5a\" data-element_type=\"widget\" data-e-type=\"widget\" data-widget_type=\"heading.default\">\n\t\t\t\t<div class=\"elementor-widget-container\">\n\t\t\t\t\t<h2 class=\"elementor-heading-title elementor-size-default\"><b>DIMENSIONS<\/b><\/h2>\t\t\t\t<\/div>\n\t\t\t\t<\/div>\n\t\t\t\t<div class=\"elementor-element elementor-element-54cbee2 elementor-widget-divider--view-line elementor-widget elementor-widget-divider\" data-id=\"54cbee2\" data-element_type=\"widget\" data-e-type=\"widget\" data-widget_type=\"divider.default\">\n\t\t\t\t<div class=\"elementor-widget-container\">\n\t\t\t\t\t\t\t<div class=\"elementor-divider\">\n\t\t\t<span class=\"elementor-divider-separator\">\n\t\t\t\t\t\t<\/span>\n\t\t<\/div>\n\t\t\t\t\t\t<\/div>\n\t\t\t\t<\/div>\n\t\t\t\t<div class=\"elementor-element elementor-element-7c9a59d elementor-widget elementor-widget-text-editor\" data-id=\"7c9a59d\" data-element_type=\"widget\" data-e-type=\"widget\" data-widget_type=\"text-editor.default\">\n\t\t\t\t<div class=\"elementor-widget-container\">\n\t\t\t\t\t\t\t\t\t<p>Length 25 cm x Width 6 cm x Height 15 cm <br \/>Chain: length 145 cm, shoulder or cross body bag <\/p>\t\t\t\t\t\t\t\t<\/div>\n\t\t\t\t<\/div>\n\t\t\t\t<\/div>\n\t\t<div class=\"elementor-element elementor-element-d9f6818 e-con-full e-flex wpr-particle-no wpr-jarallax-no wpr-parallax-no wpr-sticky-section-no wpr-equal-height-no e-con e-child\" data-id=\"d9f6818\" data-element_type=\"container\" data-e-type=\"container\">\n\t\t\t\t<div class=\"elementor-element elementor-element-1b90d54 img-border elementor-widget elementor-widget-image\" data-id=\"1b90d54\" data-element_type=\"widget\" data-e-type=\"widget\" data-widget_type=\"image.default\">\n\t\t\t\t<div class=\"elementor-widget-container\">\n\t\t\t\t\t\t\t\t\t\t\t\t\t\t\t<img fetchpriority=\"high\" decoding=\"async\" width=\"649\" height=\"1024\" src=\"https:\/\/lescourtoises.fr\/wp-content\/uploads\/2025\/07\/IMG_6932-649x1024.jpeg\" class=\"attachment-large size-large wp-image-1900\" alt=\"\" srcset=\"https:\/\/lescourtoises.fr\/wp-content\/uploads\/2025\/07\/IMG_6932-649x1024.jpeg 649w, https:\/\/lescourtoises.fr\/wp-content\/uploads\/2025\/07\/IMG_6932-190x300.jpeg 190w, https:\/\/lescourtoises.fr\/wp-content\/uploads\/2025\/07\/IMG_6932-768x1211.jpeg 768w, https:\/\/lescourtoises.fr\/wp-content\/uploads\/2025\/07\/IMG_6932-974x1536.jpeg 974w, https:\/\/lescourtoises.fr\/wp-content\/uploads\/2025\/07\/IMG_6932-8x12.jpeg 8w, https:\/\/lescourtoises.fr\/wp-content\/uploads\/2025\/07\/IMG_6932-800x1261.jpeg 800w, https:\/\/lescourtoises.fr\/wp-content\/uploads\/2025\/07\/IMG_6932.jpeg 1179w\" sizes=\"(max-width: 649px) 100vw, 649px\" \/>\t\t\t\t\t\t\t\t\t\t\t\t\t\t\t<\/div>\n\t\t\t\t<\/div>\n\t\t\t\t<\/div>\n\t\t\t\t\t<\/div>\n\t\t\t\t<\/div>\n\t\t\t\t<\/div>","protected":false},"excerpt":{"rendered":"<p>Mon histoire LES COURTOISES\u00a0 est une marque de sacs \u00e0 main pour femme que j\u2019ai r\u00e9cemment cr\u00e9\u00e9e en 2023. Je puise mon inspiration dans l\u2019air du temps , dans les cours royales, en chinant , ainsi que dans mes nombreux voyages pour cr\u00e9er un univers ultra f\u00e9minin, glamour, color\u00e9 et contemporain. Je baptise ma marque LES COURTOISES en hommage aux femmes et \u00e0 la courtoisie mais \u00e9galement pour c\u00e9l\u00e9brer le chic \u00ab\u00a0\u00e0 la fran\u00e7aise\u00a0\u00bb. Ma passion pour les tissus, la mode, les accessoires ne datent pas d\u2019hier. Elle s\u2019est d\u00e9velopp\u00e9e il y a plus de 20 ans dans l\u2019univers de la d\u00e9coration o\u00f9 je travaillais : je mixais d\u00e9j\u00e0 les couleurs, les mati\u00e8res, les \u00e9toffes, le velours ( beaucoup de velours !) et les accessoires. De nombreuses ann\u00e9es plus tard, alors que je cherchais un sac pour accessoiriser une tenue et que je ne trouvais pas ce que que je voulais dans les boutiques, j\u2019ai essay\u00e9 de le cr\u00e9er moi-m\u00eame . J\u2019ai ressorti tous les tissus que je conservais dans mes tiroirs depuis des si\u00e8cles et j\u2019ai commenc\u00e9 \u00e0 faire des essais de couture. De la d\u00e9co, je suis pass\u00e9e aux sacs ! C\u2019est ainsi qu\u2019est n\u00e9 mon projet cr\u00e9atif de sacs \u00e0 main .\u00a0 \u00a0 DESCRIPTION DES SACS Le sac Valentin ( du nom de mon fils cadet ) est le tout premier mod\u00e8le de ma marque . C\u2019est un sac \u00e0 main \u00e0 rabat matelass\u00e9, BI mati\u00e8re en tissu et velours OU tissu et cuir de veau, selon les mod\u00e8les. Pour ma premi\u00e8re collection, il est d\u00e9clin\u00e9 dans 7 mati\u00e8res et coloris diff\u00e9rents .\u00a0 Doublure int\u00e9rieure en cuir de veau .\u00a0 Un compartiment unique avec une grande poche zipp\u00e9e, une poche plate et une jolie \u00e9tiquette.\u00a0 Fermeture par 4 aimants ronds (dont 2 invisibles ) \u00a0 DIMENSIONS Longueur 25 cm x Largeur 6 cm x Hauteur 15 cm Chaine\u00a0: longueur 145 cm, sac port\u00e9 \u00e9paule ou cross body<\/p>","protected":false},"author":2,"featured_media":0,"parent":0,"menu_order":0,"comment_status":"closed","ping_status":"closed","template":"","meta":{"footnotes":""},"class_list":["post-40","page","type-page","status-publish","hentry"],"yoast_head":"<!-- This site is optimized with the Yoast SEO plugin v27.3 - https:\/\/yoast.com\/product\/yoast-seo-wordpress\/ -->\n<title>Mon histoire - Les Courtoises<\/title>\n<meta name=\"robots\" content=\"index, follow, max-snippet:-1, max-image-preview:large, max-video-preview:-1\" \/>\n<link rel=\"canonical\" href=\"https:\/\/lescourtoises.fr\/en\/mon-histoire\/\" \/>\n<meta property=\"og:locale\" content=\"en_US\" \/>\n<meta property=\"og:type\" content=\"article\" \/>\n<meta property=\"og:title\" content=\"Mon histoire - Les Courtoises\" \/>\n<meta property=\"og:description\" content=\"Mon histoire LES COURTOISES\u00a0 est une marque de sacs \u00e0 main pour femme que j\u2019ai r\u00e9cemment cr\u00e9\u00e9e en 2023. Je puise mon inspiration dans l\u2019air du temps , dans les cours royales, en chinant , ainsi que dans mes nombreux voyages pour cr\u00e9er un univers ultra f\u00e9minin, glamour, color\u00e9 et contemporain. Je baptise ma marque LES COURTOISES en hommage aux femmes et \u00e0 la courtoisie mais \u00e9galement pour c\u00e9l\u00e9brer le chic \u00ab\u00a0\u00e0 la fran\u00e7aise\u00a0\u00bb. Ma passion pour les tissus, la mode, les accessoires ne datent pas d\u2019hier. Elle s\u2019est d\u00e9velopp\u00e9e il y a plus de 20 ans dans l\u2019univers de la d\u00e9coration o\u00f9 je travaillais : je mixais d\u00e9j\u00e0 les couleurs, les mati\u00e8res, les \u00e9toffes, le velours ( beaucoup de velours !) et les accessoires. De nombreuses ann\u00e9es plus tard, alors que je cherchais un sac pour accessoiriser une tenue et que je ne trouvais pas ce que que je voulais dans les boutiques, j\u2019ai essay\u00e9 de le cr\u00e9er moi-m\u00eame . J\u2019ai ressorti tous les tissus que je conservais dans mes tiroirs depuis des si\u00e8cles et j\u2019ai commenc\u00e9 \u00e0 faire des essais de couture. De la d\u00e9co, je suis pass\u00e9e aux sacs ! C\u2019est ainsi qu\u2019est n\u00e9 mon projet cr\u00e9atif de sacs \u00e0 main .\u00a0 \u00a0 DESCRIPTION DES SACS Le sac Valentin ( du nom de mon fils cadet ) est le tout premier mod\u00e8le de ma marque . C\u2019est un sac \u00e0 main \u00e0 rabat matelass\u00e9, BI mati\u00e8re en tissu et velours OU tissu et cuir de veau, selon les mod\u00e8les. Pour ma premi\u00e8re collection, il est d\u00e9clin\u00e9 dans 7 mati\u00e8res et coloris diff\u00e9rents .\u00a0 Doublure int\u00e9rieure en cuir de veau .\u00a0 Un compartiment unique avec une grande poche zipp\u00e9e, une poche plate et une jolie \u00e9tiquette.\u00a0 Fermeture par 4 aimants ronds (dont 2 invisibles ) \u00a0 DIMENSIONS Longueur 25 cm x Largeur 6 cm x Hauteur 15 cm Chaine\u00a0: longueur 145 cm, sac port\u00e9 \u00e9paule ou cross body\" \/>\n<meta property=\"og:url\" content=\"https:\/\/lescourtoises.fr\/en\/mon-histoire\/\" \/>\n<meta property=\"og:site_name\" content=\"Les Courtoises\" \/>\n<meta property=\"article:modified_time\" content=\"2025-11-19T17:22:21+00:00\" \/>\n<meta property=\"og:image\" content=\"https:\/\/lescourtoises.fr\/wp-content\/uploads\/2025\/07\/IMG_6932.jpeg\" \/>\n\t<meta property=\"og:image:width\" content=\"1179\" \/>\n\t<meta property=\"og:image:height\" content=\"1859\" \/>\n\t<meta property=\"og:image:type\" content=\"image\/jpeg\" \/>\n<meta name=\"twitter:card\" content=\"summary_large_image\" \/>\n<meta name=\"twitter:label1\" content=\"Est. reading time\" \/>\n\t<meta name=\"twitter:data1\" content=\"2 minutes\" \/>\n<script type=\"application\/ld+json\" class=\"yoast-schema-graph\">{\"@context\":\"https:\\\/\\\/schema.org\",\"@graph\":[{\"@type\":\"WebPage\",\"@id\":\"https:\\\/\\\/lescourtoises.fr\\\/mon-histoire\\\/\",\"url\":\"https:\\\/\\\/lescourtoises.fr\\\/mon-histoire\\\/\",\"name\":\"Mon histoire - Les Courtoises\",\"isPartOf\":{\"@id\":\"https:\\\/\\\/lescourtoises.fr\\\/#website\"},\"primaryImageOfPage\":{\"@id\":\"https:\\\/\\\/lescourtoises.fr\\\/mon-histoire\\\/#primaryimage\"},\"image\":{\"@id\":\"https:\\\/\\\/lescourtoises.fr\\\/mon-histoire\\\/#primaryimage\"},\"thumbnailUrl\":\"https:\\\/\\\/lescourtoises.fr\\\/wp-content\\\/uploads\\\/2025\\\/07\\\/IMG_6932-649x1024.jpeg\",\"datePublished\":\"2024-02-01T08:10:25+00:00\",\"dateModified\":\"2025-11-19T17:22:21+00:00\",\"breadcrumb\":{\"@id\":\"https:\\\/\\\/lescourtoises.fr\\\/mon-histoire\\\/#breadcrumb\"},\"inLanguage\":\"en-US\",\"potentialAction\":[{\"@type\":\"ReadAction\",\"target\":[\"https:\\\/\\\/lescourtoises.fr\\\/mon-histoire\\\/\"]}]},{\"@type\":\"ImageObject\",\"inLanguage\":\"en-US\",\"@id\":\"https:\\\/\\\/lescourtoises.fr\\\/mon-histoire\\\/#primaryimage\",\"url\":\"https:\\\/\\\/lescourtoises.fr\\\/wp-content\\\/uploads\\\/2025\\\/07\\\/IMG_6932-649x1024.jpeg\",\"contentUrl\":\"https:\\\/\\\/lescourtoises.fr\\\/wp-content\\\/uploads\\\/2025\\\/07\\\/IMG_6932-649x1024.jpeg\"},{\"@type\":\"BreadcrumbList\",\"@id\":\"https:\\\/\\\/lescourtoises.fr\\\/mon-histoire\\\/#breadcrumb\",\"itemListElement\":[{\"@type\":\"ListItem\",\"position\":1,\"name\":\"Accueil\",\"item\":\"https:\\\/\\\/lescourtoises.fr\\\/\"},{\"@type\":\"ListItem\",\"position\":2,\"name\":\"Mon histoire\"}]},{\"@type\":\"WebSite\",\"@id\":\"https:\\\/\\\/lescourtoises.fr\\\/#website\",\"url\":\"https:\\\/\\\/lescourtoises.fr\\\/\",\"name\":\"Les Courtoises\",\"description\":\"\",\"publisher\":{\"@id\":\"https:\\\/\\\/lescourtoises.fr\\\/#organization\"},\"potentialAction\":[{\"@type\":\"SearchAction\",\"target\":{\"@type\":\"EntryPoint\",\"urlTemplate\":\"https:\\\/\\\/lescourtoises.fr\\\/?s={search_term_string}\"},\"query-input\":{\"@type\":\"PropertyValueSpecification\",\"valueRequired\":true,\"valueName\":\"search_term_string\"}}],\"inLanguage\":\"en-US\"},{\"@type\":\"Organization\",\"@id\":\"https:\\\/\\\/lescourtoises.fr\\\/#organization\",\"name\":\"Les Courtoises\",\"url\":\"https:\\\/\\\/lescourtoises.fr\\\/\",\"logo\":{\"@type\":\"ImageObject\",\"inLanguage\":\"en-US\",\"@id\":\"https:\\\/\\\/lescourtoises.fr\\\/#\\\/schema\\\/logo\\\/image\\\/\",\"url\":\"https:\\\/\\\/lescourtoises.fr\\\/wp-content\\\/uploads\\\/2024\\\/01\\\/logo-2-lescourtoises.png\",\"contentUrl\":\"https:\\\/\\\/lescourtoises.fr\\\/wp-content\\\/uploads\\\/2024\\\/01\\\/logo-2-lescourtoises.png\",\"width\":771,\"height\":777,\"caption\":\"Les Courtoises\"},\"image\":{\"@id\":\"https:\\\/\\\/lescourtoises.fr\\\/#\\\/schema\\\/logo\\\/image\\\/\"}}]}<\/script>\n<!-- \/ Yoast SEO plugin. -->","yoast_head_json":{"title":"Mon histoire - Les Courtoises","robots":{"index":"index","follow":"follow","max-snippet":"max-snippet:-1","max-image-preview":"max-image-preview:large","max-video-preview":"max-video-preview:-1"},"canonical":"https:\/\/lescourtoises.fr\/en\/mon-histoire\/","og_locale":"en_US","og_type":"article","og_title":"Mon histoire - Les Courtoises","og_description":"Mon histoire LES COURTOISES\u00a0 est une marque de sacs \u00e0 main pour femme que j\u2019ai r\u00e9cemment cr\u00e9\u00e9e en 2023. Je puise mon inspiration dans l\u2019air du temps , dans les cours royales, en chinant , ainsi que dans mes nombreux voyages pour cr\u00e9er un univers ultra f\u00e9minin, glamour, color\u00e9 et contemporain. Je baptise ma marque LES COURTOISES en hommage aux femmes et \u00e0 la courtoisie mais \u00e9galement pour c\u00e9l\u00e9brer le chic \u00ab\u00a0\u00e0 la fran\u00e7aise\u00a0\u00bb. Ma passion pour les tissus, la mode, les accessoires ne datent pas d\u2019hier. Elle s\u2019est d\u00e9velopp\u00e9e il y a plus de 20 ans dans l\u2019univers de la d\u00e9coration o\u00f9 je travaillais : je mixais d\u00e9j\u00e0 les couleurs, les mati\u00e8res, les \u00e9toffes, le velours ( beaucoup de velours !) et les accessoires. De nombreuses ann\u00e9es plus tard, alors que je cherchais un sac pour accessoiriser une tenue et que je ne trouvais pas ce que que je voulais dans les boutiques, j\u2019ai essay\u00e9 de le cr\u00e9er moi-m\u00eame . J\u2019ai ressorti tous les tissus que je conservais dans mes tiroirs depuis des si\u00e8cles et j\u2019ai commenc\u00e9 \u00e0 faire des essais de couture. De la d\u00e9co, je suis pass\u00e9e aux sacs ! C\u2019est ainsi qu\u2019est n\u00e9 mon projet cr\u00e9atif de sacs \u00e0 main .\u00a0 \u00a0 DESCRIPTION DES SACS Le sac Valentin ( du nom de mon fils cadet ) est le tout premier mod\u00e8le de ma marque . C\u2019est un sac \u00e0 main \u00e0 rabat matelass\u00e9, BI mati\u00e8re en tissu et velours OU tissu et cuir de veau, selon les mod\u00e8les. Pour ma premi\u00e8re collection, il est d\u00e9clin\u00e9 dans 7 mati\u00e8res et coloris diff\u00e9rents .\u00a0 Doublure int\u00e9rieure en cuir de veau .\u00a0 Un compartiment unique avec une grande poche zipp\u00e9e, une poche plate et une jolie \u00e9tiquette.\u00a0 Fermeture par 4 aimants ronds (dont 2 invisibles ) \u00a0 DIMENSIONS Longueur 25 cm x Largeur 6 cm x Hauteur 15 cm Chaine\u00a0: longueur 145 cm, sac port\u00e9 \u00e9paule ou cross body","og_url":"https:\/\/lescourtoises.fr\/en\/mon-histoire\/","og_site_name":"Les Courtoises","article_modified_time":"2025-11-19T17:22:21+00:00","og_image":[{"width":1179,"height":1859,"url":"https:\/\/lescourtoises.fr\/wp-content\/uploads\/2025\/07\/IMG_6932.jpeg","type":"image\/jpeg"}],"twitter_card":"summary_large_image","twitter_misc":{"Est. reading time":"2 minutes"},"schema":{"@context":"https:\/\/schema.org","@graph":[{"@type":"WebPage","@id":"https:\/\/lescourtoises.fr\/mon-histoire\/","url":"https:\/\/lescourtoises.fr\/mon-histoire\/","name":"Mon histoire - Les Courtoises","isPartOf":{"@id":"https:\/\/lescourtoises.fr\/#website"},"primaryImageOfPage":{"@id":"https:\/\/lescourtoises.fr\/mon-histoire\/#primaryimage"},"image":{"@id":"https:\/\/lescourtoises.fr\/mon-histoire\/#primaryimage"},"thumbnailUrl":"https:\/\/lescourtoises.fr\/wp-content\/uploads\/2025\/07\/IMG_6932-649x1024.jpeg","datePublished":"2024-02-01T08:10:25+00:00","dateModified":"2025-11-19T17:22:21+00:00","breadcrumb":{"@id":"https:\/\/lescourtoises.fr\/mon-histoire\/#breadcrumb"},"inLanguage":"en-US","potentialAction":[{"@type":"ReadAction","target":["https:\/\/lescourtoises.fr\/mon-histoire\/"]}]},{"@type":"ImageObject","inLanguage":"en-US","@id":"https:\/\/lescourtoises.fr\/mon-histoire\/#primaryimage","url":"https:\/\/lescourtoises.fr\/wp-content\/uploads\/2025\/07\/IMG_6932-649x1024.jpeg","contentUrl":"https:\/\/lescourtoises.fr\/wp-content\/uploads\/2025\/07\/IMG_6932-649x1024.jpeg"},{"@type":"BreadcrumbList","@id":"https:\/\/lescourtoises.fr\/mon-histoire\/#breadcrumb","itemListElement":[{"@type":"ListItem","position":1,"name":"Accueil","item":"https:\/\/lescourtoises.fr\/"},{"@type":"ListItem","position":2,"name":"Mon histoire"}]},{"@type":"WebSite","@id":"https:\/\/lescourtoises.fr\/#website","url":"https:\/\/lescourtoises.fr\/","name":"Les Courtoises","description":"","publisher":{"@id":"https:\/\/lescourtoises.fr\/#organization"},"potentialAction":[{"@type":"SearchAction","target":{"@type":"EntryPoint","urlTemplate":"https:\/\/lescourtoises.fr\/?s={search_term_string}"},"query-input":{"@type":"PropertyValueSpecification","valueRequired":true,"valueName":"search_term_string"}}],"inLanguage":"en-US"},{"@type":"Organization","@id":"https:\/\/lescourtoises.fr\/#organization","name":"Les Courtoises","url":"https:\/\/lescourtoises.fr\/","logo":{"@type":"ImageObject","inLanguage":"en-US","@id":"https:\/\/lescourtoises.fr\/#\/schema\/logo\/image\/","url":"https:\/\/lescourtoises.fr\/wp-content\/uploads\/2024\/01\/logo-2-lescourtoises.png","contentUrl":"https:\/\/lescourtoises.fr\/wp-content\/uploads\/2024\/01\/logo-2-lescourtoises.png","width":771,"height":777,"caption":"Les Courtoises"},"image":{"@id":"https:\/\/lescourtoises.fr\/#\/schema\/logo\/image\/"}}]}},"_links":{"self":[{"href":"https:\/\/lescourtoises.fr\/en\/wp-json\/wp\/v2\/pages\/40","targetHints":{"allow":["GET"]}}],"collection":[{"href":"https:\/\/lescourtoises.fr\/en\/wp-json\/wp\/v2\/pages"}],"about":[{"href":"https:\/\/lescourtoises.fr\/en\/wp-json\/wp\/v2\/types\/page"}],"author":[{"embeddable":true,"href":"https:\/\/lescourtoises.fr\/en\/wp-json\/wp\/v2\/users\/2"}],"replies":[{"embeddable":true,"href":"https:\/\/lescourtoises.fr\/en\/wp-json\/wp\/v2\/comments?post=40"}],"version-history":[{"count":61,"href":"https:\/\/lescourtoises.fr\/en\/wp-json\/wp\/v2\/pages\/40\/revisions"}],"predecessor-version":[{"id":1942,"href":"https:\/\/lescourtoises.fr\/en\/wp-json\/wp\/v2\/pages\/40\/revisions\/1942"}],"wp:attachment":[{"href":"https:\/\/lescourtoises.fr\/en\/wp-json\/wp\/v2\/media?parent=40"}],"curies":[{"name":"wp","href":"https:\/\/api.w.org\/{rel}","templated":true}]}}