{"id":724,"date":"2024-02-13T11:34:06","date_gmt":"2024-02-13T11:34:06","guid":{"rendered":"https:\/\/lescourtoises.fr\/?post_type=product&#038;p=724"},"modified":"2026-01-26T14:40:16","modified_gmt":"2026-01-26T14:40:16","slug":"sac-valentin-pied-de-poule-violet-a-rabat-en-velours","status":"publish","type":"product","link":"https:\/\/lescourtoises.fr\/en\/product\/sac-valentin-pied-de-poule-violet-a-rabat-en-velours\/","title":{"rendered":"PURPLE HOUNDSTOOT VALENTINE BAG with velvet flap"},"content":{"rendered":"<h3>2. Dimensions<\/h3>\n<p>Length 25 cm x Height 15 cm x Depth 6 cm.<\/p>\n<h3>3. Interior of the bag\/lining<\/h3>\n<p>1 single compartment entirely made of black calfskin (leather from luxury brand stocks) with 1 large zipped pocket (17 cm x 9 cm), 1 flat pocket (14 cm x 9 cm) and 1 pretty label (everything is entirely in black calfskin).<\/p>\n<h3>4. Golden chain<\/h3>\n<p>145 cm in closed circuit, shoulder bag (double) or cross body.<\/p>\n<h3>5. Colors<\/h3>\n<p>Purple.<\/p>\n<h3>6. Closing<\/h3>\n<p>4 aimants (dont 2 invisibles).<\/p>\n<h3>7. Manufacturing<\/h3>\n<p><strong>This bag is a unique<\/strong> and is entirely made and manufactured by hand, by artisans, and in ultra limited quantities. This gives it its uniqueness.<\/p>\n<h3>8. Tips for use\/maintenance<\/h3>\n<p>Bags are afraid of water (especially velvet). Do not expose to water or any liquid (rain, drop, splash, moisture, etc.).<br \/>\nDo not place the chain on the flap with a weight on it: the chain could mark\/damage the velvet.<br \/>\nEn dehors des utilisations, maintenir le sac dans sa boite d\u2019origine \u00e0 l\u2019abri de la lumi\u00e8re, de la chaleur et de l\u2019humidit\u00e9.<br \/>\nUse an anti-hair roller for the velvet.<\/p>","protected":false},"excerpt":{"rendered":"<h3>1. Description :<\/h3>\n<p>Dare to wear purple! Quilted flap handbag with chain made entirely by hand and in ultra limited quantity.<br \/>\nI fell for this pretty purple, beige and black houndstooth fabric that I combined with purple silk velvet.<br \/>\nComposition: 85% wool, 15% AF.<br \/>\nInterior lining is entirely in black calfskin.<br \/>\nGolden logo with the brand emblem.<\/p>\n<p><span style=\"color: #ff0000;\"><strong>Plus que quelques pi\u00e8ces en stock\u00a0<\/strong><\/span><\/p>","protected":false},"featured_media":1313,"template":"","meta":[],"product_brand":[],"product_cat":[15],"product_tag":[],"class_list":{"0":"post-724","1":"product","2":"type-product","3":"status-publish","4":"has-post-thumbnail","6":"product_cat-sac-a-main","8":"first","9":"instock","10":"shipping-taxable","11":"purchasable","12":"product-type-simple"},"yoast_head":"<!-- This site is optimized with the Yoast SEO plugin v27.4 - https:\/\/yoast.com\/product\/yoast-seo-wordpress\/ -->\n<title>SAC VALENTIN PIED DE POULE VIOLET \u00e0 rabat en velours - Les Courtoises<\/title>\n<meta name=\"robots\" content=\"index, follow, max-snippet:-1, max-image-preview:large, max-video-preview:-1\" \/>\n<link rel=\"canonical\" href=\"https:\/\/lescourtoises.fr\/en\/product\/sac-valentin-pied-de-poule-violet-a-rabat-en-velours\/\" \/>\n<meta property=\"og:locale\" content=\"en_US\" \/>\n<meta property=\"og:type\" content=\"article\" \/>\n<meta property=\"og:title\" content=\"SAC VALENTIN PIED DE POULE VIOLET \u00e0 rabat en velours - Les Courtoises\" \/>\n<meta property=\"og:description\" content=\"1 . Description\u00a0: Osez le violet ! Sac \u00e0 main matelass\u00e9 \u00e0 rabat avec chaine fabriqu\u00e9 int\u00e9gralement \u00e0 la main et en quantit\u00e9 ultra limit\u00e9e. J\u2019ai craqu\u00e9 pour ce joli tissu pied de poule violet, beige et noir que j\u2019ai mari\u00e9 \u00e0 du velours de soie violet . Composition : 85% de laine, 15% AF. Doublure int\u00e9rieure est int\u00e9gralement en cuir de veau noir. Logo dor\u00e9 \u00e0 l\u2019embl\u00e8me de la marque.  Plus que quelques pi\u00e8ces en stock\u00a0\" \/>\n<meta property=\"og:url\" content=\"https:\/\/lescourtoises.fr\/en\/product\/sac-valentin-pied-de-poule-violet-a-rabat-en-velours\/\" \/>\n<meta property=\"og:site_name\" content=\"Les Courtoises\" \/>\n<meta property=\"article:modified_time\" content=\"2026-01-26T14:40:16+00:00\" \/>\n<meta property=\"og:image\" content=\"https:\/\/lescourtoises.fr\/wp-content\/uploads\/2024\/02\/DSC_5076_DxO_DxO-removebg-683x1024.png\" \/>\n\t<meta property=\"og:image:width\" content=\"683\" \/>\n\t<meta property=\"og:image:height\" content=\"1024\" \/>\n\t<meta property=\"og:image:type\" content=\"image\/png\" \/>\n<meta name=\"twitter:card\" content=\"summary_large_image\" \/>\n<meta name=\"twitter:label1\" content=\"Est. reading time\" \/>\n\t<meta name=\"twitter:data1\" content=\"2 minutes\" \/>\n<script type=\"application\/ld+json\" class=\"yoast-schema-graph\">{\"@context\":\"https:\\\/\\\/schema.org\",\"@graph\":[{\"@type\":\"WebPage\",\"@id\":\"https:\\\/\\\/lescourtoises.fr\\\/produit\\\/sac-valentin-pied-de-poule-violet-a-rabat-en-velours\\\/\",\"url\":\"https:\\\/\\\/lescourtoises.fr\\\/produit\\\/sac-valentin-pied-de-poule-violet-a-rabat-en-velours\\\/\",\"name\":\"SAC VALENTIN PIED DE POULE VIOLET \u00e0 rabat en velours - Les Courtoises\",\"isPartOf\":{\"@id\":\"https:\\\/\\\/lescourtoises.fr\\\/#website\"},\"primaryImageOfPage\":{\"@id\":\"https:\\\/\\\/lescourtoises.fr\\\/produit\\\/sac-valentin-pied-de-poule-violet-a-rabat-en-velours\\\/#primaryimage\"},\"image\":{\"@id\":\"https:\\\/\\\/lescourtoises.fr\\\/produit\\\/sac-valentin-pied-de-poule-violet-a-rabat-en-velours\\\/#primaryimage\"},\"thumbnailUrl\":\"https:\\\/\\\/lescourtoises.fr\\\/wp-content\\\/uploads\\\/2024\\\/02\\\/DSC_5076_DxO_DxO-removebg.png\",\"datePublished\":\"2024-02-13T11:34:06+00:00\",\"dateModified\":\"2026-01-26T14:40:16+00:00\",\"breadcrumb\":{\"@id\":\"https:\\\/\\\/lescourtoises.fr\\\/produit\\\/sac-valentin-pied-de-poule-violet-a-rabat-en-velours\\\/#breadcrumb\"},\"inLanguage\":\"en-US\",\"potentialAction\":[{\"@type\":\"ReadAction\",\"target\":[\"https:\\\/\\\/lescourtoises.fr\\\/produit\\\/sac-valentin-pied-de-poule-violet-a-rabat-en-velours\\\/\"]}]},{\"@type\":\"ImageObject\",\"inLanguage\":\"en-US\",\"@id\":\"https:\\\/\\\/lescourtoises.fr\\\/produit\\\/sac-valentin-pied-de-poule-violet-a-rabat-en-velours\\\/#primaryimage\",\"url\":\"https:\\\/\\\/lescourtoises.fr\\\/wp-content\\\/uploads\\\/2024\\\/02\\\/DSC_5076_DxO_DxO-removebg.png\",\"contentUrl\":\"https:\\\/\\\/lescourtoises.fr\\\/wp-content\\\/uploads\\\/2024\\\/02\\\/DSC_5076_DxO_DxO-removebg.png\",\"width\":4082,\"height\":6123},{\"@type\":\"BreadcrumbList\",\"@id\":\"https:\\\/\\\/lescourtoises.fr\\\/produit\\\/sac-valentin-pied-de-poule-violet-a-rabat-en-velours\\\/#breadcrumb\",\"itemListElement\":[{\"@type\":\"ListItem\",\"position\":1,\"name\":\"Accueil\",\"item\":\"https:\\\/\\\/lescourtoises.fr\\\/\"},{\"@type\":\"ListItem\",\"position\":2,\"name\":\"Boutique\",\"item\":\"https:\\\/\\\/lescourtoises.fr\\\/boutique\\\/\"},{\"@type\":\"ListItem\",\"position\":3,\"name\":\"SAC VALENTIN PIED DE POULE VIOLET \u00e0 rabat en velours\"}]},{\"@type\":\"WebSite\",\"@id\":\"https:\\\/\\\/lescourtoises.fr\\\/#website\",\"url\":\"https:\\\/\\\/lescourtoises.fr\\\/\",\"name\":\"Les Courtoises\",\"description\":\"\",\"publisher\":{\"@id\":\"https:\\\/\\\/lescourtoises.fr\\\/#organization\"},\"potentialAction\":[{\"@type\":\"SearchAction\",\"target\":{\"@type\":\"EntryPoint\",\"urlTemplate\":\"https:\\\/\\\/lescourtoises.fr\\\/?s={search_term_string}\"},\"query-input\":{\"@type\":\"PropertyValueSpecification\",\"valueRequired\":true,\"valueName\":\"search_term_string\"}}],\"inLanguage\":\"en-US\"},{\"@type\":\"Organization\",\"@id\":\"https:\\\/\\\/lescourtoises.fr\\\/#organization\",\"name\":\"Les Courtoises\",\"url\":\"https:\\\/\\\/lescourtoises.fr\\\/\",\"logo\":{\"@type\":\"ImageObject\",\"inLanguage\":\"en-US\",\"@id\":\"https:\\\/\\\/lescourtoises.fr\\\/#\\\/schema\\\/logo\\\/image\\\/\",\"url\":\"https:\\\/\\\/lescourtoises.fr\\\/wp-content\\\/uploads\\\/2024\\\/01\\\/logo-2-lescourtoises.png\",\"contentUrl\":\"https:\\\/\\\/lescourtoises.fr\\\/wp-content\\\/uploads\\\/2024\\\/01\\\/logo-2-lescourtoises.png\",\"width\":771,\"height\":777,\"caption\":\"Les Courtoises\"},\"image\":{\"@id\":\"https:\\\/\\\/lescourtoises.fr\\\/#\\\/schema\\\/logo\\\/image\\\/\"}}]}<\/script>\n<!-- \/ Yoast SEO plugin. -->","yoast_head_json":{"title":"SAC VALENTIN PIED DE POULE VIOLET \u00e0 rabat en velours - Les Courtoises","robots":{"index":"index","follow":"follow","max-snippet":"max-snippet:-1","max-image-preview":"max-image-preview:large","max-video-preview":"max-video-preview:-1"},"canonical":"https:\/\/lescourtoises.fr\/en\/product\/sac-valentin-pied-de-poule-violet-a-rabat-en-velours\/","og_locale":"en_US","og_type":"article","og_title":"SAC VALENTIN PIED DE POULE VIOLET \u00e0 rabat en velours - Les Courtoises","og_description":"1 . Description\u00a0: Osez le violet ! Sac \u00e0 main matelass\u00e9 \u00e0 rabat avec chaine fabriqu\u00e9 int\u00e9gralement \u00e0 la main et en quantit\u00e9 ultra limit\u00e9e. J\u2019ai craqu\u00e9 pour ce joli tissu pied de poule violet, beige et noir que j\u2019ai mari\u00e9 \u00e0 du velours de soie violet . Composition : 85% de laine, 15% AF. Doublure int\u00e9rieure est int\u00e9gralement en cuir de veau noir. Logo dor\u00e9 \u00e0 l\u2019embl\u00e8me de la marque.  Plus que quelques pi\u00e8ces en stock\u00a0","og_url":"https:\/\/lescourtoises.fr\/en\/product\/sac-valentin-pied-de-poule-violet-a-rabat-en-velours\/","og_site_name":"Les Courtoises","article_modified_time":"2026-01-26T14:40:16+00:00","og_image":[{"width":683,"height":1024,"url":"https:\/\/lescourtoises.fr\/wp-content\/uploads\/2024\/02\/DSC_5076_DxO_DxO-removebg-683x1024.png","type":"image\/png"}],"twitter_card":"summary_large_image","twitter_misc":{"Est. reading time":"2 minutes"},"schema":{"@context":"https:\/\/schema.org","@graph":[{"@type":"WebPage","@id":"https:\/\/lescourtoises.fr\/produit\/sac-valentin-pied-de-poule-violet-a-rabat-en-velours\/","url":"https:\/\/lescourtoises.fr\/produit\/sac-valentin-pied-de-poule-violet-a-rabat-en-velours\/","name":"SAC VALENTIN PIED DE POULE VIOLET \u00e0 rabat en velours - Les Courtoises","isPartOf":{"@id":"https:\/\/lescourtoises.fr\/#website"},"primaryImageOfPage":{"@id":"https:\/\/lescourtoises.fr\/produit\/sac-valentin-pied-de-poule-violet-a-rabat-en-velours\/#primaryimage"},"image":{"@id":"https:\/\/lescourtoises.fr\/produit\/sac-valentin-pied-de-poule-violet-a-rabat-en-velours\/#primaryimage"},"thumbnailUrl":"https:\/\/lescourtoises.fr\/wp-content\/uploads\/2024\/02\/DSC_5076_DxO_DxO-removebg.png","datePublished":"2024-02-13T11:34:06+00:00","dateModified":"2026-01-26T14:40:16+00:00","breadcrumb":{"@id":"https:\/\/lescourtoises.fr\/produit\/sac-valentin-pied-de-poule-violet-a-rabat-en-velours\/#breadcrumb"},"inLanguage":"en-US","potentialAction":[{"@type":"ReadAction","target":["https:\/\/lescourtoises.fr\/produit\/sac-valentin-pied-de-poule-violet-a-rabat-en-velours\/"]}]},{"@type":"ImageObject","inLanguage":"en-US","@id":"https:\/\/lescourtoises.fr\/produit\/sac-valentin-pied-de-poule-violet-a-rabat-en-velours\/#primaryimage","url":"https:\/\/lescourtoises.fr\/wp-content\/uploads\/2024\/02\/DSC_5076_DxO_DxO-removebg.png","contentUrl":"https:\/\/lescourtoises.fr\/wp-content\/uploads\/2024\/02\/DSC_5076_DxO_DxO-removebg.png","width":4082,"height":6123},{"@type":"BreadcrumbList","@id":"https:\/\/lescourtoises.fr\/produit\/sac-valentin-pied-de-poule-violet-a-rabat-en-velours\/#breadcrumb","itemListElement":[{"@type":"ListItem","position":1,"name":"Accueil","item":"https:\/\/lescourtoises.fr\/"},{"@type":"ListItem","position":2,"name":"Boutique","item":"https:\/\/lescourtoises.fr\/boutique\/"},{"@type":"ListItem","position":3,"name":"SAC VALENTIN PIED DE POULE VIOLET \u00e0 rabat en velours"}]},{"@type":"WebSite","@id":"https:\/\/lescourtoises.fr\/#website","url":"https:\/\/lescourtoises.fr\/","name":"Les Courtoises","description":"","publisher":{"@id":"https:\/\/lescourtoises.fr\/#organization"},"potentialAction":[{"@type":"SearchAction","target":{"@type":"EntryPoint","urlTemplate":"https:\/\/lescourtoises.fr\/?s={search_term_string}"},"query-input":{"@type":"PropertyValueSpecification","valueRequired":true,"valueName":"search_term_string"}}],"inLanguage":"en-US"},{"@type":"Organization","@id":"https:\/\/lescourtoises.fr\/#organization","name":"Les Courtoises","url":"https:\/\/lescourtoises.fr\/","logo":{"@type":"ImageObject","inLanguage":"en-US","@id":"https:\/\/lescourtoises.fr\/#\/schema\/logo\/image\/","url":"https:\/\/lescourtoises.fr\/wp-content\/uploads\/2024\/01\/logo-2-lescourtoises.png","contentUrl":"https:\/\/lescourtoises.fr\/wp-content\/uploads\/2024\/01\/logo-2-lescourtoises.png","width":771,"height":777,"caption":"Les Courtoises"},"image":{"@id":"https:\/\/lescourtoises.fr\/#\/schema\/logo\/image\/"}}]}},"_links":{"self":[{"href":"https:\/\/lescourtoises.fr\/en\/wp-json\/wp\/v2\/product\/724","targetHints":{"allow":["GET"]}}],"collection":[{"href":"https:\/\/lescourtoises.fr\/en\/wp-json\/wp\/v2\/product"}],"about":[{"href":"https:\/\/lescourtoises.fr\/en\/wp-json\/wp\/v2\/types\/product"}],"wp:featuredmedia":[{"embeddable":true,"href":"https:\/\/lescourtoises.fr\/en\/wp-json\/wp\/v2\/media\/1313"}],"wp:attachment":[{"href":"https:\/\/lescourtoises.fr\/en\/wp-json\/wp\/v2\/media?parent=724"}],"wp:term":[{"taxonomy":"product_brand","embeddable":true,"href":"https:\/\/lescourtoises.fr\/en\/wp-json\/wp\/v2\/product_brand?post=724"},{"taxonomy":"product_cat","embeddable":true,"href":"https:\/\/lescourtoises.fr\/en\/wp-json\/wp\/v2\/product_cat?post=724"},{"taxonomy":"product_tag","embeddable":true,"href":"https:\/\/lescourtoises.fr\/en\/wp-json\/wp\/v2\/product_tag?post=724"}],"curies":[{"name":"wp","href":"https:\/\/api.w.org\/{rel}","templated":true}]}}