{"id":730,"date":"2024-02-13T11:50:09","date_gmt":"2024-02-13T11:50:09","guid":{"rendered":"https:\/\/lescourtoises.fr\/?post_type=product&#038;p=730"},"modified":"2026-01-26T14:39:28","modified_gmt":"2026-01-26T14:39:28","slug":"sac-valentin-tweed-muticolore-a-rabat-en-velours","status":"publish","type":"product","link":"https:\/\/lescourtoises.fr\/en\/product\/sac-valentin-tweed-muticolore-a-rabat-en-velours\/","title":{"rendered":"MULTICOLOR TWEED VALENTINE BAG with velvet flap"},"content":{"rendered":"<h3>2. Dimensions<\/h3>\n<p>Length 25 cm x Height 15 cm x Depth 6 cm.<\/p>\n<h3>3. Interior of the bag\/lining<\/h3>\n<p>1 single compartment made entirely of black calfskin with 1 large zipped pocket (17 cm x 9 cm) and 1 flat pocket (14 cm x 9 cm) and 1 pretty label.<\/p>\n<h3>4. Golden chain<\/h3>\n<p>145 cm in closed circuit. Shoulder bag (double) or cross body.<\/p>\n<h3>5 . Coloris noir et tweed multicolore<\/h3>\n<p>Noir et tweed multicolore.<\/p>\n<h3>6. Closing<\/h3>\n<p>4 aimants (dont 2 invisibles).<\/p>\n<h3>7. Manufacturing<\/h3>\n<p><strong>This bag is a unique<\/strong> and is entirely made and manufactured by hand, by artisans, and in ultra limited quantities. This gives it its uniqueness.<\/p>\n<h3>8. Tips for use\/maintenance<\/h3>\n<p>Bags are afraid of water (especially velvet). Do not expose to water or any liquid (rain, drops, splashes, humidity, etc.).<br \/>\nDo not place the chain on the flap by putting a weight on it: the chain could mark\/damage the velvet.<br \/>\nEn dehors des utilisations, maintenir le sac dans sa boite d\u2019origine \u00e0 l\u2019abri de la lumi\u00e8re, de la chaleur et de l\u2019humidit\u00e9.<\/p>","protected":false},"excerpt":{"rendered":"<h3>1. Description :<\/h3>\n<p>Quilted handbag with flap and gold chain, entirely handmade and in ultra limited quantity.<br \/>\nUltra chic combination of this multi-colored tweed (black, opera red, fuschia and lurex) with a deep black silk velvet flap. Glamorous touch guaranteed!<br \/>\nComposition: 80% tweed, 20% Polyester and AF. (tweed from luxury brand dormant stock).<br \/>\nInterior of the bag in black calfskin.<br \/>\nGolden logo with the brand emblem.<\/p>\n<p><span style=\"color: #ff0000;\"><strong>Plus que quelques pi\u00e8ces en stock\u00a0<\/strong><\/span><\/p>","protected":false},"featured_media":1302,"template":"","meta":[],"product_brand":[],"product_cat":[15],"product_tag":[],"class_list":{"0":"post-730","1":"product","2":"type-product","3":"status-publish","4":"has-post-thumbnail","6":"product_cat-sac-a-main","8":"first","9":"instock","10":"featured","11":"shipping-taxable","12":"purchasable","13":"product-type-simple"},"yoast_head":"<!-- This site is optimized with the Yoast SEO plugin v27.3 - https:\/\/yoast.com\/product\/yoast-seo-wordpress\/ -->\n<title>SAC VALENTIN TWEED MUTICOLORE \u00e0 rabat en velours - Les Courtoises<\/title>\n<meta name=\"robots\" content=\"index, follow, max-snippet:-1, max-image-preview:large, max-video-preview:-1\" \/>\n<link rel=\"canonical\" href=\"https:\/\/lescourtoises.fr\/en\/product\/sac-valentin-tweed-muticolore-a-rabat-en-velours\/\" \/>\n<meta property=\"og:locale\" content=\"en_US\" \/>\n<meta property=\"og:type\" content=\"article\" \/>\n<meta property=\"og:title\" content=\"SAC VALENTIN TWEED MUTICOLORE \u00e0 rabat en velours - Les Courtoises\" \/>\n<meta property=\"og:description\" content=\"1 . Description\u00a0: Sac \u00e0 main matelass\u00e9 avec rabat et chaine dor\u00e9e enti\u00e8rement fabriqu\u00e9 \u00e0 la main et en quantit\u00e9 ultra limit\u00e9e. Mariage ultra chic de ce tweed multicolore (noir, rouge op\u00e9ra, fuschia et lurex) avec un rabat en velours de soie noir profond. Touche glamour assur\u00e9e ! Composition : 80% tweed, 20% Polyester et AF. (tweed provenant de stock dormant de marque de luxe). Int\u00e9rieur du sac en cuir de veau noir. Logo dor\u00e9e \u00e0 l\u2019embl\u00e8me de la marque.  Plus que quelques pi\u00e8ces en stock\u00a0\" \/>\n<meta property=\"og:url\" content=\"https:\/\/lescourtoises.fr\/en\/product\/sac-valentin-tweed-muticolore-a-rabat-en-velours\/\" \/>\n<meta property=\"og:site_name\" content=\"Les Courtoises\" \/>\n<meta property=\"article:modified_time\" content=\"2026-01-26T14:39:28+00:00\" \/>\n<meta property=\"og:image\" content=\"https:\/\/lescourtoises.fr\/wp-content\/uploads\/2024\/02\/DSC_5054_DxO_DxO-removebg-683x1024.png\" \/>\n\t<meta property=\"og:image:width\" content=\"683\" \/>\n\t<meta property=\"og:image:height\" content=\"1024\" \/>\n\t<meta property=\"og:image:type\" content=\"image\/png\" \/>\n<meta name=\"twitter:card\" content=\"summary_large_image\" \/>\n<meta name=\"twitter:label1\" content=\"Est. reading time\" \/>\n\t<meta name=\"twitter:data1\" content=\"2 minutes\" \/>\n<script type=\"application\/ld+json\" class=\"yoast-schema-graph\">{\"@context\":\"https:\\\/\\\/schema.org\",\"@graph\":[{\"@type\":\"WebPage\",\"@id\":\"https:\\\/\\\/lescourtoises.fr\\\/produit\\\/sac-valentin-tweed-muticolore-a-rabat-en-velours\\\/\",\"url\":\"https:\\\/\\\/lescourtoises.fr\\\/produit\\\/sac-valentin-tweed-muticolore-a-rabat-en-velours\\\/\",\"name\":\"SAC VALENTIN TWEED MUTICOLORE \u00e0 rabat en velours - Les Courtoises\",\"isPartOf\":{\"@id\":\"https:\\\/\\\/lescourtoises.fr\\\/#website\"},\"primaryImageOfPage\":{\"@id\":\"https:\\\/\\\/lescourtoises.fr\\\/produit\\\/sac-valentin-tweed-muticolore-a-rabat-en-velours\\\/#primaryimage\"},\"image\":{\"@id\":\"https:\\\/\\\/lescourtoises.fr\\\/produit\\\/sac-valentin-tweed-muticolore-a-rabat-en-velours\\\/#primaryimage\"},\"thumbnailUrl\":\"https:\\\/\\\/lescourtoises.fr\\\/wp-content\\\/uploads\\\/2024\\\/02\\\/DSC_5054_DxO_DxO-removebg.png\",\"datePublished\":\"2024-02-13T11:50:09+00:00\",\"dateModified\":\"2026-01-26T14:39:28+00:00\",\"breadcrumb\":{\"@id\":\"https:\\\/\\\/lescourtoises.fr\\\/produit\\\/sac-valentin-tweed-muticolore-a-rabat-en-velours\\\/#breadcrumb\"},\"inLanguage\":\"en-US\",\"potentialAction\":[{\"@type\":\"ReadAction\",\"target\":[\"https:\\\/\\\/lescourtoises.fr\\\/produit\\\/sac-valentin-tweed-muticolore-a-rabat-en-velours\\\/\"]}]},{\"@type\":\"ImageObject\",\"inLanguage\":\"en-US\",\"@id\":\"https:\\\/\\\/lescourtoises.fr\\\/produit\\\/sac-valentin-tweed-muticolore-a-rabat-en-velours\\\/#primaryimage\",\"url\":\"https:\\\/\\\/lescourtoises.fr\\\/wp-content\\\/uploads\\\/2024\\\/02\\\/DSC_5054_DxO_DxO-removebg.png\",\"contentUrl\":\"https:\\\/\\\/lescourtoises.fr\\\/wp-content\\\/uploads\\\/2024\\\/02\\\/DSC_5054_DxO_DxO-removebg.png\",\"width\":4082,\"height\":6123},{\"@type\":\"BreadcrumbList\",\"@id\":\"https:\\\/\\\/lescourtoises.fr\\\/produit\\\/sac-valentin-tweed-muticolore-a-rabat-en-velours\\\/#breadcrumb\",\"itemListElement\":[{\"@type\":\"ListItem\",\"position\":1,\"name\":\"Accueil\",\"item\":\"https:\\\/\\\/lescourtoises.fr\\\/\"},{\"@type\":\"ListItem\",\"position\":2,\"name\":\"Boutique\",\"item\":\"https:\\\/\\\/lescourtoises.fr\\\/boutique\\\/\"},{\"@type\":\"ListItem\",\"position\":3,\"name\":\"SAC VALENTIN TWEED MUTICOLORE \u00e0 rabat en velours\"}]},{\"@type\":\"WebSite\",\"@id\":\"https:\\\/\\\/lescourtoises.fr\\\/#website\",\"url\":\"https:\\\/\\\/lescourtoises.fr\\\/\",\"name\":\"Les Courtoises\",\"description\":\"\",\"publisher\":{\"@id\":\"https:\\\/\\\/lescourtoises.fr\\\/#organization\"},\"potentialAction\":[{\"@type\":\"SearchAction\",\"target\":{\"@type\":\"EntryPoint\",\"urlTemplate\":\"https:\\\/\\\/lescourtoises.fr\\\/?s={search_term_string}\"},\"query-input\":{\"@type\":\"PropertyValueSpecification\",\"valueRequired\":true,\"valueName\":\"search_term_string\"}}],\"inLanguage\":\"en-US\"},{\"@type\":\"Organization\",\"@id\":\"https:\\\/\\\/lescourtoises.fr\\\/#organization\",\"name\":\"Les Courtoises\",\"url\":\"https:\\\/\\\/lescourtoises.fr\\\/\",\"logo\":{\"@type\":\"ImageObject\",\"inLanguage\":\"en-US\",\"@id\":\"https:\\\/\\\/lescourtoises.fr\\\/#\\\/schema\\\/logo\\\/image\\\/\",\"url\":\"https:\\\/\\\/lescourtoises.fr\\\/wp-content\\\/uploads\\\/2024\\\/01\\\/logo-2-lescourtoises.png\",\"contentUrl\":\"https:\\\/\\\/lescourtoises.fr\\\/wp-content\\\/uploads\\\/2024\\\/01\\\/logo-2-lescourtoises.png\",\"width\":771,\"height\":777,\"caption\":\"Les Courtoises\"},\"image\":{\"@id\":\"https:\\\/\\\/lescourtoises.fr\\\/#\\\/schema\\\/logo\\\/image\\\/\"}}]}<\/script>\n<!-- \/ Yoast SEO plugin. -->","yoast_head_json":{"title":"SAC VALENTIN TWEED MUTICOLORE \u00e0 rabat en velours - Les Courtoises","robots":{"index":"index","follow":"follow","max-snippet":"max-snippet:-1","max-image-preview":"max-image-preview:large","max-video-preview":"max-video-preview:-1"},"canonical":"https:\/\/lescourtoises.fr\/en\/product\/sac-valentin-tweed-muticolore-a-rabat-en-velours\/","og_locale":"en_US","og_type":"article","og_title":"SAC VALENTIN TWEED MUTICOLORE \u00e0 rabat en velours - Les Courtoises","og_description":"1 . Description\u00a0: Sac \u00e0 main matelass\u00e9 avec rabat et chaine dor\u00e9e enti\u00e8rement fabriqu\u00e9 \u00e0 la main et en quantit\u00e9 ultra limit\u00e9e. Mariage ultra chic de ce tweed multicolore (noir, rouge op\u00e9ra, fuschia et lurex) avec un rabat en velours de soie noir profond. Touche glamour assur\u00e9e ! Composition : 80% tweed, 20% Polyester et AF. (tweed provenant de stock dormant de marque de luxe). Int\u00e9rieur du sac en cuir de veau noir. Logo dor\u00e9e \u00e0 l\u2019embl\u00e8me de la marque.  Plus que quelques pi\u00e8ces en stock\u00a0","og_url":"https:\/\/lescourtoises.fr\/en\/product\/sac-valentin-tweed-muticolore-a-rabat-en-velours\/","og_site_name":"Les Courtoises","article_modified_time":"2026-01-26T14:39:28+00:00","og_image":[{"width":683,"height":1024,"url":"https:\/\/lescourtoises.fr\/wp-content\/uploads\/2024\/02\/DSC_5054_DxO_DxO-removebg-683x1024.png","type":"image\/png"}],"twitter_card":"summary_large_image","twitter_misc":{"Est. reading time":"2 minutes"},"schema":{"@context":"https:\/\/schema.org","@graph":[{"@type":"WebPage","@id":"https:\/\/lescourtoises.fr\/produit\/sac-valentin-tweed-muticolore-a-rabat-en-velours\/","url":"https:\/\/lescourtoises.fr\/produit\/sac-valentin-tweed-muticolore-a-rabat-en-velours\/","name":"SAC VALENTIN TWEED MUTICOLORE \u00e0 rabat en velours - Les Courtoises","isPartOf":{"@id":"https:\/\/lescourtoises.fr\/#website"},"primaryImageOfPage":{"@id":"https:\/\/lescourtoises.fr\/produit\/sac-valentin-tweed-muticolore-a-rabat-en-velours\/#primaryimage"},"image":{"@id":"https:\/\/lescourtoises.fr\/produit\/sac-valentin-tweed-muticolore-a-rabat-en-velours\/#primaryimage"},"thumbnailUrl":"https:\/\/lescourtoises.fr\/wp-content\/uploads\/2024\/02\/DSC_5054_DxO_DxO-removebg.png","datePublished":"2024-02-13T11:50:09+00:00","dateModified":"2026-01-26T14:39:28+00:00","breadcrumb":{"@id":"https:\/\/lescourtoises.fr\/produit\/sac-valentin-tweed-muticolore-a-rabat-en-velours\/#breadcrumb"},"inLanguage":"en-US","potentialAction":[{"@type":"ReadAction","target":["https:\/\/lescourtoises.fr\/produit\/sac-valentin-tweed-muticolore-a-rabat-en-velours\/"]}]},{"@type":"ImageObject","inLanguage":"en-US","@id":"https:\/\/lescourtoises.fr\/produit\/sac-valentin-tweed-muticolore-a-rabat-en-velours\/#primaryimage","url":"https:\/\/lescourtoises.fr\/wp-content\/uploads\/2024\/02\/DSC_5054_DxO_DxO-removebg.png","contentUrl":"https:\/\/lescourtoises.fr\/wp-content\/uploads\/2024\/02\/DSC_5054_DxO_DxO-removebg.png","width":4082,"height":6123},{"@type":"BreadcrumbList","@id":"https:\/\/lescourtoises.fr\/produit\/sac-valentin-tweed-muticolore-a-rabat-en-velours\/#breadcrumb","itemListElement":[{"@type":"ListItem","position":1,"name":"Accueil","item":"https:\/\/lescourtoises.fr\/"},{"@type":"ListItem","position":2,"name":"Boutique","item":"https:\/\/lescourtoises.fr\/boutique\/"},{"@type":"ListItem","position":3,"name":"SAC VALENTIN TWEED MUTICOLORE \u00e0 rabat en velours"}]},{"@type":"WebSite","@id":"https:\/\/lescourtoises.fr\/#website","url":"https:\/\/lescourtoises.fr\/","name":"Les Courtoises","description":"","publisher":{"@id":"https:\/\/lescourtoises.fr\/#organization"},"potentialAction":[{"@type":"SearchAction","target":{"@type":"EntryPoint","urlTemplate":"https:\/\/lescourtoises.fr\/?s={search_term_string}"},"query-input":{"@type":"PropertyValueSpecification","valueRequired":true,"valueName":"search_term_string"}}],"inLanguage":"en-US"},{"@type":"Organization","@id":"https:\/\/lescourtoises.fr\/#organization","name":"Les Courtoises","url":"https:\/\/lescourtoises.fr\/","logo":{"@type":"ImageObject","inLanguage":"en-US","@id":"https:\/\/lescourtoises.fr\/#\/schema\/logo\/image\/","url":"https:\/\/lescourtoises.fr\/wp-content\/uploads\/2024\/01\/logo-2-lescourtoises.png","contentUrl":"https:\/\/lescourtoises.fr\/wp-content\/uploads\/2024\/01\/logo-2-lescourtoises.png","width":771,"height":777,"caption":"Les Courtoises"},"image":{"@id":"https:\/\/lescourtoises.fr\/#\/schema\/logo\/image\/"}}]}},"_links":{"self":[{"href":"https:\/\/lescourtoises.fr\/en\/wp-json\/wp\/v2\/product\/730","targetHints":{"allow":["GET"]}}],"collection":[{"href":"https:\/\/lescourtoises.fr\/en\/wp-json\/wp\/v2\/product"}],"about":[{"href":"https:\/\/lescourtoises.fr\/en\/wp-json\/wp\/v2\/types\/product"}],"wp:featuredmedia":[{"embeddable":true,"href":"https:\/\/lescourtoises.fr\/en\/wp-json\/wp\/v2\/media\/1302"}],"wp:attachment":[{"href":"https:\/\/lescourtoises.fr\/en\/wp-json\/wp\/v2\/media?parent=730"}],"wp:term":[{"taxonomy":"product_brand","embeddable":true,"href":"https:\/\/lescourtoises.fr\/en\/wp-json\/wp\/v2\/product_brand?post=730"},{"taxonomy":"product_cat","embeddable":true,"href":"https:\/\/lescourtoises.fr\/en\/wp-json\/wp\/v2\/product_cat?post=730"},{"taxonomy":"product_tag","embeddable":true,"href":"https:\/\/lescourtoises.fr\/en\/wp-json\/wp\/v2\/product_tag?post=730"}],"curies":[{"name":"wp","href":"https:\/\/api.w.org\/{rel}","templated":true}]}}